{"id":10303,"date":"2023-04-03T10:11:29","date_gmt":"2023-04-03T10:11:29","guid":{"rendered":"https:\/\/focusfitness.pt\/entrenador-de-salud\/"},"modified":"2025-11-25T11:14:57","modified_gmt":"2025-11-25T11:14:57","slug":"entrenador-de-salud","status":"publish","type":"page","link":"https:\/\/focusfitness.pt\/es\/entrenador-de-salud\/","title":{"rendered":"Entrenador de salud"},"content":{"rendered":"\t\t<div data-elementor-type=\"wp-page\" data-elementor-id=\"10303\" class=\"elementor elementor-10303 elementor-1428\" data-elementor-post-type=\"page\">\n\t\t\t\t\t\t<section class=\"elementor-section elementor-top-section elementor-element elementor-element-4760e19 elementor-section-full_width elementor-section-height-min-height elementor-section-height-default elementor-section-items-middle mkdf-parallax-row-no mkdf-content-aligment-left mkdf-elementor-row-grid-no mkdf-disabled-bg-image-bellow-no mkdf-row-btt-light\" data-id=\"4760e19\" data-element_type=\"section\" data-settings=\"{&quot;background_background&quot;:&quot;classic&quot;}\">\n\t\t\t\t\t\t<div class=\"elementor-container elementor-column-gap-default\">\n\t\t\t\t\t<div class=\"elementor-column elementor-col-100 elementor-top-column elementor-element elementor-element-b9a703b\" data-id=\"b9a703b\" data-element_type=\"column\">\n\t\t\t<div class=\"elementor-widget-wrap elementor-element-populated\">\n\t\t\t\t\t\t<div class=\"elementor-element elementor-element-6fea732 elementor-widget elementor-widget-heading\" data-id=\"6fea732\" data-element_type=\"widget\" data-widget_type=\"heading.default\">\n\t\t\t\t<div class=\"elementor-widget-container\">\n\t\t\t\t\t<h2 class=\"elementor-heading-title elementor-size-default\">Entrenador de salud<\/h2>\t\t\t\t<\/div>\n\t\t\t\t<\/div>\n\t\t\t\t<div class=\"elementor-element elementor-element-7381eb4 elementor-widget elementor-widget-text-editor\" data-id=\"7381eb4\" data-element_type=\"widget\" data-widget_type=\"text-editor.default\">\n\t\t\t\t<div class=\"elementor-widget-container\">\n\t\t\t\t\t\t\t\t\t<p>EQUILIBRA TU MENTE Y TU CUERPO TE SEGUIR\u00c1.<\/p><p>ESTE ES EL SERVICIO QUE TRANSFORMAR\u00c1 TU VIDA.<\/p>\t\t\t\t\t\t\t\t<\/div>\n\t\t\t\t<\/div>\n\t\t\t\t\t<\/div>\n\t\t<\/div>\n\t\t\t\t\t<\/div>\n\t\t<\/section>\n\t\t\t\t<section class=\"elementor-section elementor-top-section elementor-element elementor-element-c4dab21 elementor-section-full_width elementor-section-height-default elementor-section-height-default mkdf-parallax-row-no mkdf-content-aligment-left mkdf-elementor-row-grid-no mkdf-disabled-bg-image-bellow-no mkdf-row-btt-light\" data-id=\"c4dab21\" data-element_type=\"section\">\n\t\t\t\t\t\t<div class=\"elementor-container elementor-column-gap-default\">\n\t\t\t\t\t<div class=\"elementor-column elementor-col-50 elementor-top-column elementor-element elementor-element-2017af6\" data-id=\"2017af6\" data-element_type=\"column\">\n\t\t\t<div class=\"elementor-widget-wrap elementor-element-populated\">\n\t\t\t\t\t\t<div class=\"elementor-element elementor-element-1cb707f elementor-widget elementor-widget-heading\" data-id=\"1cb707f\" data-element_type=\"widget\" data-widget_type=\"heading.default\">\n\t\t\t\t<div class=\"elementor-widget-container\">\n\t\t\t\t\t<h2 class=\"elementor-heading-title elementor-size-default\">\u00bfEntrenador de salud, qui\u00e9n?<\/h2>\t\t\t\t<\/div>\n\t\t\t\t<\/div>\n\t\t\t\t<div class=\"elementor-element elementor-element-70c43e9 elementor-widget elementor-widget-text-editor\" data-id=\"70c43e9\" data-element_type=\"widget\" data-widget_type=\"text-editor.default\">\n\t\t\t\t<div class=\"elementor-widget-container\">\n\t\t\t\t\t\t\t\t\t<p>Dr. M\u00f3nica Sampaio<\/p><p>\u00abAl haberme formado en el campo de la Psicolog\u00eda a lo largo de los a\u00f1os, sent\u00ed la necesidad de ofrecer a mis pacientes apoyo terap\u00e9utico para ayudar a construir una vida m\u00e1s equilibrada, tanto en t\u00e9rminos de salud emocional como espiritual.<\/p><p>  Desde este punto de vista, exist\u00eda inter\u00e9s en la formaci\u00f3n complementaria en el campo de la Terapia Hol\u00edstica, como el Coaching, la Hipnosis Cl\u00ednica, la Fisiolog\u00eda Bioenerg\u00e9tica, los Remedios de Flores de Saint Germain, la Constelaci\u00f3n Familiar, la Veterinaria Veterinaria, la PNL, entre otros.<\/p><p>La b\u00fasqueda de conocimiento en estas \u00e1reas me ha permitido beneficiarme de herramientas capaces de promover la salud, de forma m\u00e1s completa, como una pr\u00e1ctica natural y de permitir un cambio en la conciencia sobre su propio dolor, permitiendo que el individuo sea un agente activo en su propio cambio.<\/p>\t\t\t\t\t\t\t\t<\/div>\n\t\t\t\t<\/div>\n\t\t\t\t<div class=\"elementor-element elementor-element-6448c95 elementor-widget elementor-widget-heading\" data-id=\"6448c95\" data-element_type=\"widget\" data-widget_type=\"heading.default\">\n\t\t\t\t<div class=\"elementor-widget-container\">\n\t\t\t\t\t<h2 class=\"elementor-heading-title elementor-size-default\">\u00bfQu\u00e9 es?<\/h2>\t\t\t\t<\/div>\n\t\t\t\t<\/div>\n\t\t\t\t<div class=\"elementor-element elementor-element-06713d7 elementor-widget elementor-widget-text-editor\" data-id=\"06713d7\" data-element_type=\"widget\" data-widget_type=\"text-editor.default\">\n\t\t\t\t<div class=\"elementor-widget-container\">\n\t\t\t\t\t\t\t\t\t<p>Me gusta pensar en un Health Coach como un mentor para apoyar la salud y el bienestar emocional, alguien que educa y apoya a las personas en su proceso de transformaci\u00f3n, en su camino para crear nuevos h\u00e1bitos saludables y crear cambios de estilo de vida sostenibles que te traigan mayor felicidad.<\/p><p>Es un enfoque que considera al ser humano en su conjunto, en sus aspectos f\u00edsicos, mentales, emocionales y energ\u00e9ticos.<\/p>\t\t\t\t\t\t\t\t<\/div>\n\t\t\t\t<\/div>\n\t\t\t\t<div class=\"elementor-element elementor-element-ef8c27b elementor-widget elementor-widget-heading\" data-id=\"ef8c27b\" data-element_type=\"widget\" data-widget_type=\"heading.default\">\n\t\t\t\t<div class=\"elementor-widget-container\">\n\t\t\t\t\t<h2 class=\"elementor-heading-title elementor-size-default\">\u00bfPor qu\u00e9 es necesario esto?<\/h2>\t\t\t\t<\/div>\n\t\t\t\t<\/div>\n\t\t\t\t<div class=\"elementor-element elementor-element-3e0aceb elementor-widget elementor-widget-text-editor\" data-id=\"3e0aceb\" data-element_type=\"widget\" data-widget_type=\"text-editor.default\">\n\t\t\t\t<div class=\"elementor-widget-container\">\n\t\t\t\t\t\t\t\t\t<p>Este enfoque hol\u00edstico (visto en su conjunto) considera que la causa de muchas enfermedades que aparecen en el cuerpo f\u00edsico son reflejos de desajustes emocionales, mentales y energ\u00e9ticos. Es necesario comprender todas las \u00e1reas de tu vida para tratar la causa y reducir los s\u00edntomas del malestar.<\/p><p>Para nosotros, es importante que nuestros miembros sientan un cambio global, desde dentro hacia fuera.<\/p>\t\t\t\t\t\t\t\t<\/div>\n\t\t\t\t<\/div>\n\t\t\t\t<div class=\"elementor-element elementor-element-63d06c2 elementor-widget elementor-widget-heading\" data-id=\"63d06c2\" data-element_type=\"widget\" data-widget_type=\"heading.default\">\n\t\t\t\t<div class=\"elementor-widget-container\">\n\t\t\t\t\t<h2 class=\"elementor-heading-title elementor-size-default\">\u00bfEs para m\u00ed?<\/h2>\t\t\t\t<\/div>\n\t\t\t\t<\/div>\n\t\t\t\t<div class=\"elementor-element elementor-element-203e85d elementor-widget elementor-widget-text-editor\" data-id=\"203e85d\" data-element_type=\"widget\" data-widget_type=\"text-editor.default\">\n\t\t\t\t<div class=\"elementor-widget-container\">\n\t\t\t\t\t\t\t\t\t<p>Las sesiones de coach de salud ayudan no solo a las personas cuya enfermedad ya es visible en el cuerpo f\u00edsico, sino tambi\u00e9n a aquellas que quieren sentirse m\u00e1s ligeras, equilibradas, empoderadas y plenas en sus vidas. Promueve un cambio de comportamiento, para quienes sienten la necesidad de transformar sus vidas a nivel global pero no saben por d\u00f3nde empezar.<\/p>\t\t\t\t\t\t\t\t<\/div>\n\t\t\t\t<\/div>\n\t\t\t\t<div class=\"elementor-element elementor-element-5eacee9 elementor-widget elementor-widget-heading\" data-id=\"5eacee9\" data-element_type=\"widget\" data-widget_type=\"heading.default\">\n\t\t\t\t<div class=\"elementor-widget-container\">\n\t\t\t\t\t<h2 class=\"elementor-heading-title elementor-size-default\">\u00bfVentajas?<\/h2>\t\t\t\t<\/div>\n\t\t\t\t<\/div>\n\t\t\t\t<div class=\"elementor-element elementor-element-5f6889c elementor-widget elementor-widget-text-editor\" data-id=\"5f6889c\" data-element_type=\"widget\" data-widget_type=\"text-editor.default\">\n\t\t\t\t<div class=\"elementor-widget-container\">\n\t\t\t\t\t\t\t\t\t<p>Las sesiones de Health Coach tienen como objetivo aportar un mayor equilibrio energ\u00e9tico, mental y emocional, ampliar la conciencia corporal, emocional, mental y espiritual, minimizar el sufrimiento y ayudar en el proceso de sanaci\u00f3n.<\/p><p>Te ayuda a tener una vida m\u00e1s tranquila, a aumentar tu autoestima y confianza en ti mismo, a tener m\u00e1s valor para actuar y alcanzar esos sue\u00f1os que tanto has pospuesto. Promueve la prosperidad financiera y emocional.<\/p>\t\t\t\t\t\t\t\t<\/div>\n\t\t\t\t<\/div>\n\t\t\t\t<div class=\"elementor-element elementor-element-ae5c40a elementor-widget elementor-widget-heading\" data-id=\"ae5c40a\" data-element_type=\"widget\" data-widget_type=\"heading.default\">\n\t\t\t\t<div class=\"elementor-widget-container\">\n\t\t\t\t\t<h2 class=\"elementor-heading-title elementor-size-default\">Entre otros:<\/h2>\t\t\t\t<\/div>\n\t\t\t\t<\/div>\n\t\t\t\t<div class=\"elementor-element elementor-element-c4f94d3 elementor-align-left elementor-icon-list--layout-traditional elementor-list-item-link-full_width elementor-widget elementor-widget-icon-list\" data-id=\"c4f94d3\" data-element_type=\"widget\" data-widget_type=\"icon-list.default\">\n\t\t\t\t<div class=\"elementor-widget-container\">\n\t\t\t\t\t\t\t<ul class=\"elementor-icon-list-items\">\n\t\t\t\t\t\t\t<li class=\"elementor-icon-list-item\">\n\t\t\t\t\t\t\t\t\t\t\t<span class=\"elementor-icon-list-icon\">\n\t\t\t\t\t\t\t<svg xmlns=\"http:\/\/www.w3.org\/2000\/svg\" width=\"21\" height=\"21\" viewBox=\"0 0 21 21\" fill=\"none\"><circle cx=\"10.5\" cy=\"10.5\" r=\"10.5\" fill=\"#93282B\"><\/circle><path d=\"M6 10.2667L9.47826 14L16 7\" stroke=\"white\" stroke-width=\"2\"><\/path><\/svg>\t\t\t\t\t\t<\/span>\n\t\t\t\t\t\t\t\t\t\t<span class=\"elementor-icon-list-text\">Alivia el estr\u00e9s f\u00edsico y\/o emocional;<\/span>\n\t\t\t\t\t\t\t\t\t<\/li>\n\t\t\t\t\t\t\t\t<li class=\"elementor-icon-list-item\">\n\t\t\t\t\t\t\t\t\t\t\t<span class=\"elementor-icon-list-icon\">\n\t\t\t\t\t\t\t<svg xmlns=\"http:\/\/www.w3.org\/2000\/svg\" width=\"21\" height=\"21\" viewBox=\"0 0 21 21\" fill=\"none\"><circle cx=\"10.5\" cy=\"10.5\" r=\"10.5\" fill=\"#93282B\"><\/circle><path d=\"M6 10.2667L9.47826 14L16 7\" stroke=\"white\" stroke-width=\"2\"><\/path><\/svg>\t\t\t\t\t\t<\/span>\n\t\t\t\t\t\t\t\t\t\t<span class=\"elementor-icon-list-text\">Previene y combate la depresi\u00f3n, la ansiedad, los miedos y el insomnio;<\/span>\n\t\t\t\t\t\t\t\t\t<\/li>\n\t\t\t\t\t\t\t\t<li class=\"elementor-icon-list-item\">\n\t\t\t\t\t\t\t\t\t\t\t<span class=\"elementor-icon-list-icon\">\n\t\t\t\t\t\t\t<svg xmlns=\"http:\/\/www.w3.org\/2000\/svg\" width=\"21\" height=\"21\" viewBox=\"0 0 21 21\" fill=\"none\"><circle cx=\"10.5\" cy=\"10.5\" r=\"10.5\" fill=\"#93282B\"><\/circle><path d=\"M6 10.2667L9.47826 14L16 7\" stroke=\"white\" stroke-width=\"2\"><\/path><\/svg>\t\t\t\t\t\t<\/span>\n\t\t\t\t\t\t\t\t\t\t<span class=\"elementor-icon-list-text\">Mejora problemas personales, como: problemas de pareja, insatisfacci\u00f3n laboral, inseguridad y falta de motivaci\u00f3n.<\/span>\n\t\t\t\t\t\t\t\t\t<\/li>\n\t\t\t\t\t\t<\/ul>\n\t\t\t\t\t\t<\/div>\n\t\t\t\t<\/div>\n\t\t\t\t\t<\/div>\n\t\t<\/div>\n\t\t\t\t<div class=\"elementor-column elementor-col-50 elementor-top-column elementor-element elementor-element-cfb23b4 elementor-hidden-mobile elementor-hidden-tablet elementor-hidden-mobile_extra\" data-id=\"cfb23b4\" data-element_type=\"column\">\n\t\t\t<div class=\"elementor-widget-wrap elementor-element-populated\">\n\t\t\t\t\t\t<div class=\"elementor-element elementor-element-f922f48 elementor-widget elementor-widget-image\" data-id=\"f922f48\" data-element_type=\"widget\" data-widget_type=\"image.default\">\n\t\t\t\t<div class=\"elementor-widget-container\">\n\t\t\t\t\t\t\t\t\t\t\t\t\t\t\t<img decoding=\"async\" width=\"1024\" height=\"1536\" src=\"https:\/\/focusfitness.pt\/wp-content\/uploads\/2023\/10\/focus-health-coach-monica.jpg\" class=\"attachment-full size-full wp-image-10272\" alt=\"\" srcset=\"https:\/\/focusfitness.pt\/wp-content\/uploads\/2023\/10\/focus-health-coach-monica.jpg 1024w, https:\/\/focusfitness.pt\/wp-content\/uploads\/2023\/10\/focus-health-coach-monica-600x900.jpg 600w, https:\/\/focusfitness.pt\/wp-content\/uploads\/2023\/10\/focus-health-coach-monica-200x300.jpg 200w, https:\/\/focusfitness.pt\/wp-content\/uploads\/2023\/10\/focus-health-coach-monica-683x1024.jpg 683w, https:\/\/focusfitness.pt\/wp-content\/uploads\/2023\/10\/focus-health-coach-monica-768x1152.jpg 768w\" sizes=\"(max-width: 1024px) 100vw, 1024px\" \/>\t\t\t\t\t\t\t\t\t\t\t\t\t\t\t<\/div>\n\t\t\t\t<\/div>\n\t\t\t\t\t<\/div>\n\t\t<\/div>\n\t\t\t\t\t<\/div>\n\t\t<\/section>\n\t\t\t\t<section class=\"elementor-section elementor-top-section elementor-element elementor-element-784d9b98 elementor-section-full_width elementor-section-height-default elementor-section-height-default mkdf-parallax-row-no mkdf-content-aligment-left mkdf-elementor-row-grid-no mkdf-disabled-bg-image-bellow-no mkdf-row-btt-light\" data-id=\"784d9b98\" data-element_type=\"section\">\n\t\t\t\t\t\t<div class=\"elementor-container elementor-column-gap-default\">\n\t\t\t\t\t<div class=\"elementor-column elementor-col-100 elementor-top-column elementor-element elementor-element-7bd234f9\" data-id=\"7bd234f9\" data-element_type=\"column\">\n\t\t\t<div class=\"elementor-widget-wrap elementor-element-populated\">\n\t\t\t\t\t\t<div class=\"elementor-element elementor-element-ee94549 elementor-widget elementor-widget-heading\" data-id=\"ee94549\" data-element_type=\"widget\" data-widget_type=\"heading.default\">\n\t\t\t\t<div class=\"elementor-widget-container\">\n\t\t\t\t\t<h2 class=\"elementor-heading-title elementor-size-default\">Valora tu bienestar: \u00a1desaf\u00eda tu mente!&nbsp;<\/h2>\t\t\t\t<\/div>\n\t\t\t\t<\/div>\n\t\t\t\t<div class=\"elementor-element elementor-element-f7e91cb elementor-widget elementor-widget-spacer\" data-id=\"f7e91cb\" data-element_type=\"widget\" data-widget_type=\"spacer.default\">\n\t\t\t\t<div class=\"elementor-widget-container\">\n\t\t\t\t\t\t\t<div class=\"elementor-spacer\">\n\t\t\t<div class=\"elementor-spacer-inner\"><\/div>\n\t\t<\/div>\n\t\t\t\t\t\t<\/div>\n\t\t\t\t<\/div>\n\t\t\t\t\t<\/div>\n\t\t<\/div>\n\t\t\t\t\t<\/div>\n\t\t<\/section>\n\t\t\t\t<section class=\"elementor-section elementor-top-section elementor-element elementor-element-8685267 elementor-section-full_width elementor-section-height-min-height elementor-section-height-default elementor-section-items-middle mkdf-parallax-row-no mkdf-content-aligment-left mkdf-elementor-row-grid-no mkdf-disabled-bg-image-bellow-no mkdf-row-btt-light\" data-id=\"8685267\" data-element_type=\"section\" data-settings=\"{&quot;background_background&quot;:&quot;classic&quot;}\">\n\t\t\t\t\t\t<div class=\"elementor-container elementor-column-gap-default\">\n\t\t\t\t\t<div class=\"elementor-column elementor-col-100 elementor-top-column elementor-element elementor-element-9295a43\" data-id=\"9295a43\" data-element_type=\"column\">\n\t\t\t<div class=\"elementor-widget-wrap elementor-element-populated\">\n\t\t\t\t\t\t<div class=\"elementor-element elementor-element-e77fc1e elementor-align-center elementor-widget elementor-widget-button\" data-id=\"e77fc1e\" data-element_type=\"widget\" data-widget_type=\"button.default\">\n\t\t\t\t<div class=\"elementor-widget-container\">\n\t\t\t\t\t\t\t\t\t<div class=\"elementor-button-wrapper\">\n\t\t\t\t\t<a class=\"elementor-button elementor-button-link elementor-size-sm\" href=\"#elementor-action%3Aaction%3Dpopup%3Aopen%26settings%3DeyJpZCI6MTc4MCwidG9nZ2xlIjpmYWxzZX0%3D\">\n\t\t\t\t\t\t<span class=\"elementor-button-content-wrapper\">\n\t\t\t\t\t\t\t\t\t<span class=\"elementor-button-text\">\u00bfQuieres unirte? \u00a1Te llamamos gratis!<\/span>\n\t\t\t\t\t<\/span>\n\t\t\t\t\t<\/a>\n\t\t\t\t<\/div>\n\t\t\t\t\t\t\t\t<\/div>\n\t\t\t\t<\/div>\n\t\t\t\t\t<\/div>\n\t\t<\/div>\n\t\t\t\t\t<\/div>\n\t\t<\/section>\n\t\t\t\t<\/div>\n\t\t","protected":false},"excerpt":{"rendered":"<p>Entrenador de salud EQUILIBRA TU MENTE Y TU CUERPO TE SEGUIR&Aacute;. ESTE ES EL SERVICIO QUE TRANSFORMAR&Aacute; TU VIDA. &iquest;Entrenador de salud, qui&eacute;n? Dr. M&oacute;nica Sampaio &laquo;Al haberme formado en el campo de la Psicolog&iacute;a a lo largo de los [&hellip;]<\/p>\n","protected":false},"author":1,"featured_media":0,"parent":0,"menu_order":0,"comment_status":"closed","ping_status":"closed","template":"full-width.php","meta":{"_acf_changed":false,"footnotes":""},"class_list":["post-10303","page","type-page","status-publish","hentry"],"acf":[],"yoast_head":"<!-- This site is optimized with the Yoast SEO plugin v27.2 - https:\/\/yoast.com\/product\/yoast-seo-wordpress\/ -->\n<title>Entrenador de salud - Focus Fitness<\/title>\n<meta name=\"robots\" content=\"index, follow, max-snippet:-1, max-image-preview:large, max-video-preview:-1\" \/>\n<link rel=\"canonical\" href=\"https:\/\/focusfitness.pt\/es\/entrenador-de-salud\/\" \/>\n<meta property=\"og:locale\" content=\"es_ES\" \/>\n<meta property=\"og:type\" content=\"article\" \/>\n<meta property=\"og:title\" content=\"Entrenador de salud - Focus Fitness\" \/>\n<meta property=\"og:description\" content=\"Entrenador de salud EQUILIBRA TU MENTE Y TU CUERPO TE SEGUIR&Aacute;. ESTE ES EL SERVICIO QUE TRANSFORMAR&Aacute; TU VIDA. &iquest;Entrenador de salud, qui&eacute;n? Dr. M&oacute;nica Sampaio &laquo;Al haberme formado en el campo de la Psicolog&iacute;a a lo largo de los [&hellip;]\" \/>\n<meta property=\"og:url\" content=\"https:\/\/focusfitness.pt\/es\/entrenador-de-salud\/\" \/>\n<meta property=\"og:site_name\" content=\"Focus Fitness\" \/>\n<meta property=\"article:publisher\" content=\"https:\/\/www.facebook.com\/focusfitnessportugal\" \/>\n<meta property=\"article:modified_time\" content=\"2025-11-25T11:14:57+00:00\" \/>\n<meta property=\"og:image\" content=\"https:\/\/focusfitness.pt\/wp-content\/uploads\/2023\/10\/focus-health-coach-monica.jpg\" \/>\n\t<meta property=\"og:image:width\" content=\"1024\" \/>\n\t<meta property=\"og:image:height\" content=\"1536\" \/>\n\t<meta property=\"og:image:type\" content=\"image\/jpeg\" \/>\n<meta name=\"twitter:card\" content=\"summary_large_image\" \/>\n<meta name=\"twitter:label1\" content=\"Tiempo de lectura\" \/>\n\t<meta name=\"twitter:data1\" content=\"3 minutos\" \/>\n<script type=\"application\/ld+json\" class=\"yoast-schema-graph\">{\"@context\":\"https:\/\/schema.org\",\"@graph\":[{\"@type\":\"WebPage\",\"@id\":\"https:\/\/focusfitness.pt\/es\/entrenador-de-salud\/\",\"url\":\"https:\/\/focusfitness.pt\/es\/entrenador-de-salud\/\",\"name\":\"Entrenador de salud - Focus Fitness\",\"isPartOf\":{\"@id\":\"https:\/\/focusfitness.pt\/es\/#website\"},\"primaryImageOfPage\":{\"@id\":\"https:\/\/focusfitness.pt\/es\/entrenador-de-salud\/#primaryimage\"},\"image\":{\"@id\":\"https:\/\/focusfitness.pt\/es\/entrenador-de-salud\/#primaryimage\"},\"thumbnailUrl\":\"https:\/\/focusfitness.pt\/wp-content\/uploads\/2023\/10\/focus-health-coach-monica.jpg\",\"datePublished\":\"2023-04-03T10:11:29+00:00\",\"dateModified\":\"2025-11-25T11:14:57+00:00\",\"breadcrumb\":{\"@id\":\"https:\/\/focusfitness.pt\/es\/entrenador-de-salud\/#breadcrumb\"},\"inLanguage\":\"es\",\"potentialAction\":[{\"@type\":\"ReadAction\",\"target\":[\"https:\/\/focusfitness.pt\/es\/entrenador-de-salud\/\"]}]},{\"@type\":\"ImageObject\",\"inLanguage\":\"es\",\"@id\":\"https:\/\/focusfitness.pt\/es\/entrenador-de-salud\/#primaryimage\",\"url\":\"https:\/\/focusfitness.pt\/wp-content\/uploads\/2023\/10\/focus-health-coach-monica.jpg\",\"contentUrl\":\"https:\/\/focusfitness.pt\/wp-content\/uploads\/2023\/10\/focus-health-coach-monica.jpg\"},{\"@type\":\"BreadcrumbList\",\"@id\":\"https:\/\/focusfitness.pt\/es\/entrenador-de-salud\/#breadcrumb\",\"itemListElement\":[{\"@type\":\"ListItem\",\"position\":1,\"name\":\"In\u00edcio\",\"item\":\"https:\/\/focusfitness.pt\/es\/\"},{\"@type\":\"ListItem\",\"position\":2,\"name\":\"Entrenador de salud\"}]},{\"@type\":\"WebSite\",\"@id\":\"https:\/\/focusfitness.pt\/es\/#website\",\"url\":\"https:\/\/focusfitness.pt\/es\/\",\"name\":\"Focus Fitness\",\"description\":\"Focus Fitness\",\"publisher\":{\"@id\":\"https:\/\/focusfitness.pt\/es\/#organization\"},\"alternateName\":\"Focus Fitness\",\"potentialAction\":[{\"@type\":\"SearchAction\",\"target\":{\"@type\":\"EntryPoint\",\"urlTemplate\":\"https:\/\/focusfitness.pt\/es\/?s={search_term_string}\"},\"query-input\":{\"@type\":\"PropertyValueSpecification\",\"valueRequired\":true,\"valueName\":\"search_term_string\"}}],\"inLanguage\":\"es\"},{\"@type\":\"Organization\",\"@id\":\"https:\/\/focusfitness.pt\/es\/#organization\",\"name\":\"Focus Fitness\",\"alternateName\":\"Focus Fitness\",\"url\":\"https:\/\/focusfitness.pt\/es\/\",\"logo\":{\"@type\":\"ImageObject\",\"inLanguage\":\"es\",\"@id\":\"https:\/\/focusfitness.pt\/es\/#\/schema\/logo\/image\/\",\"url\":\"https:\/\/focusfitness.pt\/wp-content\/uploads\/2023\/03\/Focus_Logotipo-NOVO_-scaled.png\",\"contentUrl\":\"https:\/\/focusfitness.pt\/wp-content\/uploads\/2023\/03\/Focus_Logotipo-NOVO_-scaled.png\",\"width\":2560,\"height\":1811,\"caption\":\"Focus Fitness\"},\"image\":{\"@id\":\"https:\/\/focusfitness.pt\/es\/#\/schema\/logo\/image\/\"},\"sameAs\":[\"https:\/\/www.facebook.com\/focusfitnessportugal\",\"https:\/\/www.instagram.com\/focusfitnessportugal\/\",\"https:\/\/www.linkedin.com\/company\/focusfitnessportugal\/\",\"https:\/\/www.youtube.com\/channel\/UCL0TbPHRJGydq6z9GNFtxow\",\"https:\/\/www.tiktok.com\/@focus.fitness.pt?_t=8q1BafSpJx3&_r=1\"]}]}<\/script>\n<!-- \/ Yoast SEO plugin. -->","yoast_head_json":{"title":"Entrenador de salud - Focus Fitness","robots":{"index":"index","follow":"follow","max-snippet":"max-snippet:-1","max-image-preview":"max-image-preview:large","max-video-preview":"max-video-preview:-1"},"canonical":"https:\/\/focusfitness.pt\/es\/entrenador-de-salud\/","og_locale":"es_ES","og_type":"article","og_title":"Entrenador de salud - Focus Fitness","og_description":"Entrenador de salud EQUILIBRA TU MENTE Y TU CUERPO TE SEGUIR&Aacute;. ESTE ES EL SERVICIO QUE TRANSFORMAR&Aacute; TU VIDA. &iquest;Entrenador de salud, qui&eacute;n? Dr. M&oacute;nica Sampaio &laquo;Al haberme formado en el campo de la Psicolog&iacute;a a lo largo de los [&hellip;]","og_url":"https:\/\/focusfitness.pt\/es\/entrenador-de-salud\/","og_site_name":"Focus Fitness","article_publisher":"https:\/\/www.facebook.com\/focusfitnessportugal","article_modified_time":"2025-11-25T11:14:57+00:00","og_image":[{"width":1024,"height":1536,"url":"https:\/\/focusfitness.pt\/wp-content\/uploads\/2023\/10\/focus-health-coach-monica.jpg","type":"image\/jpeg"}],"twitter_card":"summary_large_image","twitter_misc":{"Tiempo de lectura":"3 minutos"},"schema":{"@context":"https:\/\/schema.org","@graph":[{"@type":"WebPage","@id":"https:\/\/focusfitness.pt\/es\/entrenador-de-salud\/","url":"https:\/\/focusfitness.pt\/es\/entrenador-de-salud\/","name":"Entrenador de salud - Focus Fitness","isPartOf":{"@id":"https:\/\/focusfitness.pt\/es\/#website"},"primaryImageOfPage":{"@id":"https:\/\/focusfitness.pt\/es\/entrenador-de-salud\/#primaryimage"},"image":{"@id":"https:\/\/focusfitness.pt\/es\/entrenador-de-salud\/#primaryimage"},"thumbnailUrl":"https:\/\/focusfitness.pt\/wp-content\/uploads\/2023\/10\/focus-health-coach-monica.jpg","datePublished":"2023-04-03T10:11:29+00:00","dateModified":"2025-11-25T11:14:57+00:00","breadcrumb":{"@id":"https:\/\/focusfitness.pt\/es\/entrenador-de-salud\/#breadcrumb"},"inLanguage":"es","potentialAction":[{"@type":"ReadAction","target":["https:\/\/focusfitness.pt\/es\/entrenador-de-salud\/"]}]},{"@type":"ImageObject","inLanguage":"es","@id":"https:\/\/focusfitness.pt\/es\/entrenador-de-salud\/#primaryimage","url":"https:\/\/focusfitness.pt\/wp-content\/uploads\/2023\/10\/focus-health-coach-monica.jpg","contentUrl":"https:\/\/focusfitness.pt\/wp-content\/uploads\/2023\/10\/focus-health-coach-monica.jpg"},{"@type":"BreadcrumbList","@id":"https:\/\/focusfitness.pt\/es\/entrenador-de-salud\/#breadcrumb","itemListElement":[{"@type":"ListItem","position":1,"name":"In\u00edcio","item":"https:\/\/focusfitness.pt\/es\/"},{"@type":"ListItem","position":2,"name":"Entrenador de salud"}]},{"@type":"WebSite","@id":"https:\/\/focusfitness.pt\/es\/#website","url":"https:\/\/focusfitness.pt\/es\/","name":"Focus Fitness","description":"Focus Fitness","publisher":{"@id":"https:\/\/focusfitness.pt\/es\/#organization"},"alternateName":"Focus Fitness","potentialAction":[{"@type":"SearchAction","target":{"@type":"EntryPoint","urlTemplate":"https:\/\/focusfitness.pt\/es\/?s={search_term_string}"},"query-input":{"@type":"PropertyValueSpecification","valueRequired":true,"valueName":"search_term_string"}}],"inLanguage":"es"},{"@type":"Organization","@id":"https:\/\/focusfitness.pt\/es\/#organization","name":"Focus Fitness","alternateName":"Focus Fitness","url":"https:\/\/focusfitness.pt\/es\/","logo":{"@type":"ImageObject","inLanguage":"es","@id":"https:\/\/focusfitness.pt\/es\/#\/schema\/logo\/image\/","url":"https:\/\/focusfitness.pt\/wp-content\/uploads\/2023\/03\/Focus_Logotipo-NOVO_-scaled.png","contentUrl":"https:\/\/focusfitness.pt\/wp-content\/uploads\/2023\/03\/Focus_Logotipo-NOVO_-scaled.png","width":2560,"height":1811,"caption":"Focus Fitness"},"image":{"@id":"https:\/\/focusfitness.pt\/es\/#\/schema\/logo\/image\/"},"sameAs":["https:\/\/www.facebook.com\/focusfitnessportugal","https:\/\/www.instagram.com\/focusfitnessportugal\/","https:\/\/www.linkedin.com\/company\/focusfitnessportugal\/","https:\/\/www.youtube.com\/channel\/UCL0TbPHRJGydq6z9GNFtxow","https:\/\/www.tiktok.com\/@focus.fitness.pt?_t=8q1BafSpJx3&_r=1"]}]}},"_links":{"self":[{"href":"https:\/\/focusfitness.pt\/es\/wp-json\/wp\/v2\/pages\/10303","targetHints":{"allow":["GET"]}}],"collection":[{"href":"https:\/\/focusfitness.pt\/es\/wp-json\/wp\/v2\/pages"}],"about":[{"href":"https:\/\/focusfitness.pt\/es\/wp-json\/wp\/v2\/types\/page"}],"author":[{"embeddable":true,"href":"https:\/\/focusfitness.pt\/es\/wp-json\/wp\/v2\/users\/1"}],"replies":[{"embeddable":true,"href":"https:\/\/focusfitness.pt\/es\/wp-json\/wp\/v2\/comments?post=10303"}],"version-history":[{"count":1,"href":"https:\/\/focusfitness.pt\/es\/wp-json\/wp\/v2\/pages\/10303\/revisions"}],"predecessor-version":[{"id":10316,"href":"https:\/\/focusfitness.pt\/es\/wp-json\/wp\/v2\/pages\/10303\/revisions\/10316"}],"wp:attachment":[{"href":"https:\/\/focusfitness.pt\/es\/wp-json\/wp\/v2\/media?parent=10303"}],"curies":[{"name":"wp","href":"https:\/\/api.w.org\/{rel}","templated":true}]}}