{"id":10362,"date":"2023-03-31T13:42:19","date_gmt":"2023-03-31T13:42:19","guid":{"rendered":"https:\/\/focusfitness.pt\/nutricion\/"},"modified":"2025-11-25T11:15:01","modified_gmt":"2025-11-25T11:15:01","slug":"nutricion","status":"publish","type":"page","link":"https:\/\/focusfitness.pt\/es\/nutricion\/","title":{"rendered":"Nutrici\u00f3n"},"content":{"rendered":"\t\t<div data-elementor-type=\"wp-page\" data-elementor-id=\"10362\" class=\"elementor elementor-10362 elementor-1206\" data-elementor-post-type=\"page\">\n\t\t\t\t\t\t<section class=\"elementor-section elementor-top-section elementor-element elementor-element-24ec70de elementor-section-full_width elementor-section-height-min-height elementor-section-height-default elementor-section-items-middle mkdf-parallax-row-no mkdf-content-aligment-left mkdf-elementor-row-grid-no mkdf-disabled-bg-image-bellow-no mkdf-row-btt-light\" data-id=\"24ec70de\" data-element_type=\"section\" data-settings=\"{&quot;background_background&quot;:&quot;classic&quot;}\">\n\t\t\t\t\t\t<div class=\"elementor-container elementor-column-gap-default\">\n\t\t\t\t\t<div class=\"elementor-column elementor-col-100 elementor-top-column elementor-element elementor-element-61ecdb54\" data-id=\"61ecdb54\" data-element_type=\"column\">\n\t\t\t<div class=\"elementor-widget-wrap elementor-element-populated\">\n\t\t\t\t\t\t<div class=\"elementor-element elementor-element-70cdd2d elementor-widget elementor-widget-heading\" data-id=\"70cdd2d\" data-element_type=\"widget\" data-widget_type=\"heading.default\">\n\t\t\t\t<div class=\"elementor-widget-container\">\n\t\t\t\t\t<h2 class=\"elementor-heading-title elementor-size-default\">Nutrici\u00f3n<\/h2>\t\t\t\t<\/div>\n\t\t\t\t<\/div>\n\t\t\t\t<div class=\"elementor-element elementor-element-31c8f92 elementor-widget elementor-widget-text-editor\" data-id=\"31c8f92\" data-element_type=\"widget\" data-widget_type=\"text-editor.default\">\n\t\t\t\t<div class=\"elementor-widget-container\">\n\t\t\t\t\t\t\t\t\t<p>El complemento perfecto para tus entrenamientos: dieta y <br>H\u00e1bitos m\u00e1s saludables se traducen en una vida m\u00e1s feliz.<\/p>\t\t\t\t\t\t\t\t<\/div>\n\t\t\t\t<\/div>\n\t\t\t\t\t<\/div>\n\t\t<\/div>\n\t\t\t\t\t<\/div>\n\t\t<\/section>\n\t\t\t\t<section class=\"elementor-section elementor-top-section elementor-element elementor-element-db48a17 elementor-section-full_width elementor-section-height-default elementor-section-height-default mkdf-parallax-row-no mkdf-content-aligment-left mkdf-elementor-row-grid-no mkdf-disabled-bg-image-bellow-no mkdf-row-btt-light\" data-id=\"db48a17\" data-element_type=\"section\">\n\t\t\t\t\t\t<div class=\"elementor-container elementor-column-gap-custom\">\n\t\t\t\t\t<div class=\"elementor-column elementor-col-50 elementor-top-column elementor-element elementor-element-5094d4f\" data-id=\"5094d4f\" data-element_type=\"column\">\n\t\t\t<div class=\"elementor-widget-wrap elementor-element-populated\">\n\t\t\t\t\t\t<div class=\"elementor-element elementor-element-c0f26c9 elementor-widget elementor-widget-heading\" data-id=\"c0f26c9\" data-element_type=\"widget\" data-widget_type=\"heading.default\">\n\t\t\t\t<div class=\"elementor-widget-container\">\n\t\t\t\t\t<h2 class=\"elementor-heading-title elementor-size-default\">Combinar ejercicio f\u00edsico y <br> nutrici\u00f3n - \u00bfPor qu\u00e9?<\/h2>\t\t\t\t<\/div>\n\t\t\t\t<\/div>\n\t\t\t\t<div class=\"elementor-element elementor-element-93277e9 elementor-align-left elementor-icon-list--layout-traditional elementor-list-item-link-full_width elementor-widget elementor-widget-icon-list\" data-id=\"93277e9\" data-element_type=\"widget\" data-widget_type=\"icon-list.default\">\n\t\t\t\t<div class=\"elementor-widget-container\">\n\t\t\t\t\t\t\t<ul class=\"elementor-icon-list-items\">\n\t\t\t\t\t\t\t<li class=\"elementor-icon-list-item\">\n\t\t\t\t\t\t\t\t\t\t\t<span class=\"elementor-icon-list-icon\">\n\t\t\t\t\t\t\t<svg xmlns=\"http:\/\/www.w3.org\/2000\/svg\" width=\"21\" height=\"21\" viewBox=\"0 0 21 21\" fill=\"none\"><circle cx=\"10.5\" cy=\"10.5\" r=\"10.5\" fill=\"#93282B\"><\/circle><path d=\"M6 10.2667L9.47826 14L16 7\" stroke=\"white\" stroke-width=\"2\"><\/path><\/svg>\t\t\t\t\t\t<\/span>\n\t\t\t\t\t\t\t\t\t\t<span class=\"elementor-icon-list-text\">Desempe\u00f1an un papel importante en el control del peso, la prevenci\u00f3n de enfermedades cr\u00f3nicas y la promoci\u00f3n de la salud f\u00edsica y mental;<\/span>\n\t\t\t\t\t\t\t\t\t<\/li>\n\t\t\t\t\t\t\t\t<li class=\"elementor-icon-list-item\">\n\t\t\t\t\t\t\t\t\t\t\t<span class=\"elementor-icon-list-icon\">\n\t\t\t\t\t\t\t<svg xmlns=\"http:\/\/www.w3.org\/2000\/svg\" width=\"21\" height=\"21\" viewBox=\"0 0 21 21\" fill=\"none\"><circle cx=\"10.5\" cy=\"10.5\" r=\"10.5\" fill=\"#93282B\"><\/circle><path d=\"M6 10.2667L9.47826 14L16 7\" stroke=\"white\" stroke-width=\"2\"><\/path><\/svg>\t\t\t\t\t\t<\/span>\n\t\t\t\t\t\t\t\t\t\t<span class=\"elementor-icon-list-text\">Con una nutrici\u00f3n adecuada, el cuerpo re\u00fane la energ\u00eda necesaria para mantener la actividad f\u00edsica y proporciona los nutrientes esenciales para la recuperaci\u00f3n y reparaci\u00f3n de los tejidos musculares;<\/span>\n\t\t\t\t\t\t\t\t\t<\/li>\n\t\t\t\t\t\t\t\t<li class=\"elementor-icon-list-item\">\n\t\t\t\t\t\t\t\t\t\t\t<span class=\"elementor-icon-list-icon\">\n\t\t\t\t\t\t\t<svg xmlns=\"http:\/\/www.w3.org\/2000\/svg\" width=\"21\" height=\"21\" viewBox=\"0 0 21 21\" fill=\"none\"><circle cx=\"10.5\" cy=\"10.5\" r=\"10.5\" fill=\"#93282B\"><\/circle><path d=\"M6 10.2667L9.47826 14L16 7\" stroke=\"white\" stroke-width=\"2\"><\/path><\/svg>\t\t\t\t\t\t<\/span>\n\t\t\t\t\t\t\t\t\t\t<span class=\"elementor-icon-list-text\">Adem\u00e1s, una dieta equilibrada puede prevenir enfermedades cr\u00f3nicas como la diabetes, las enfermedades cardiovasculares y la obesidad, que pueden agravarse por la falta de actividad f\u00edsica;<\/span>\n\t\t\t\t\t\t\t\t\t<\/li>\n\t\t\t\t\t\t\t\t<li class=\"elementor-icon-list-item\">\n\t\t\t\t\t\t\t\t\t\t\t<span class=\"elementor-icon-list-icon\">\n\t\t\t\t\t\t\t<svg xmlns=\"http:\/\/www.w3.org\/2000\/svg\" width=\"21\" height=\"21\" viewBox=\"0 0 21 21\" fill=\"none\"><circle cx=\"10.5\" cy=\"10.5\" r=\"10.5\" fill=\"#93282B\"><\/circle><path d=\"M6 10.2667L9.47826 14L16 7\" stroke=\"white\" stroke-width=\"2\"><\/path><\/svg>\t\t\t\t\t\t<\/span>\n\t\t\t\t\t\t\t\t\t\t<span class=\"elementor-icon-list-text\">Por lo tanto, la combinaci\u00f3n de una dieta saludable y ejercicio regular es esencial para mantener una vida sana y equilibrada.<\/span>\n\t\t\t\t\t\t\t\t\t<\/li>\n\t\t\t\t\t\t<\/ul>\n\t\t\t\t\t\t<\/div>\n\t\t\t\t<\/div>\n\t\t\t\t\t<\/div>\n\t\t<\/div>\n\t\t\t\t<div class=\"elementor-column elementor-col-50 elementor-top-column elementor-element elementor-element-c08af19 elementor-hidden-tablet_extra elementor-hidden-tablet elementor-hidden-mobile_extra elementor-hidden-mobile\" data-id=\"c08af19\" data-element_type=\"column\">\n\t\t\t<div class=\"elementor-widget-wrap elementor-element-populated\">\n\t\t\t\t\t\t<div class=\"elementor-element elementor-element-f9c8ca8 elementor-widget elementor-widget-video\" data-id=\"f9c8ca8\" data-element_type=\"widget\" data-settings=\"{&quot;video_type&quot;:&quot;hosted&quot;,&quot;autoplay&quot;:&quot;yes&quot;,&quot;play_on_mobile&quot;:&quot;yes&quot;,&quot;mute&quot;:&quot;yes&quot;,&quot;loop&quot;:&quot;yes&quot;}\" data-widget_type=\"video.default\">\n\t\t\t\t<div class=\"elementor-widget-container\">\n\t\t\t\t\t\t\t<div class=\"e-hosted-video elementor-wrapper elementor-open-inline\">\n\t\t\t\t\t<video class=\"elementor-video\" src=\"https:\/\/focusfitness.pt\/wp-content\/uploads\/2024\/04\/focus-nutricao.mp4\" autoplay=\"\" loop=\"\" muted=\"muted\" playsinline=\"\" controlsList=\"nodownload\"><\/video>\n\t\t\t\t<\/div>\n\t\t\t\t\t\t<\/div>\n\t\t\t\t<\/div>\n\t\t\t\t\t<\/div>\n\t\t<\/div>\n\t\t\t\t\t<\/div>\n\t\t<\/section>\n\t\t\t\t<section class=\"elementor-section elementor-top-section elementor-element elementor-element-41bd4f8 elementor-section-full_width elementor-section-height-default elementor-section-height-default mkdf-parallax-row-no mkdf-content-aligment-left mkdf-elementor-row-grid-no mkdf-disabled-bg-image-bellow-no mkdf-row-btt-light\" data-id=\"41bd4f8\" data-element_type=\"section\">\n\t\t\t\t\t\t<div class=\"elementor-container elementor-column-gap-default\">\n\t\t\t\t\t<div class=\"elementor-column elementor-col-100 elementor-top-column elementor-element elementor-element-d205b17\" data-id=\"d205b17\" data-element_type=\"column\">\n\t\t\t<div class=\"elementor-widget-wrap elementor-element-populated\">\n\t\t\t\t\t\t<div class=\"elementor-element elementor-element-1d43bd1 elementor-widget elementor-widget-heading\" data-id=\"1d43bd1\" data-element_type=\"widget\" data-widget_type=\"heading.default\">\n\t\t\t\t<div class=\"elementor-widget-container\">\n\t\t\t\t\t<h2 class=\"elementor-heading-title elementor-size-default\">Valora tu bienestar: \u00a1programa tu consejo nutricional ahora!&nbsp;<\/h2>\t\t\t\t<\/div>\n\t\t\t\t<\/div>\n\t\t\t\t<div class=\"elementor-element elementor-element-ed0249c elementor-widget elementor-widget-spacer\" data-id=\"ed0249c\" data-element_type=\"widget\" data-widget_type=\"spacer.default\">\n\t\t\t\t<div class=\"elementor-widget-container\">\n\t\t\t\t\t\t\t<div class=\"elementor-spacer\">\n\t\t\t<div class=\"elementor-spacer-inner\"><\/div>\n\t\t<\/div>\n\t\t\t\t\t\t<\/div>\n\t\t\t\t<\/div>\n\t\t\t\t\t<\/div>\n\t\t<\/div>\n\t\t\t\t\t<\/div>\n\t\t<\/section>\n\t\t\t\t<section class=\"elementor-section elementor-top-section elementor-element elementor-element-6d87753 elementor-section-full_width elementor-section-height-min-height elementor-section-height-default elementor-section-items-middle mkdf-parallax-row-no mkdf-content-aligment-left mkdf-elementor-row-grid-no mkdf-disabled-bg-image-bellow-no mkdf-row-btt-light\" data-id=\"6d87753\" data-element_type=\"section\" data-settings=\"{&quot;background_background&quot;:&quot;classic&quot;}\">\n\t\t\t\t\t\t<div class=\"elementor-container elementor-column-gap-default\">\n\t\t\t\t\t<div class=\"elementor-column elementor-col-100 elementor-top-column elementor-element elementor-element-dbee59b\" data-id=\"dbee59b\" data-element_type=\"column\">\n\t\t\t<div class=\"elementor-widget-wrap elementor-element-populated\">\n\t\t\t\t\t\t<div class=\"elementor-element elementor-element-4bdafdf elementor-align-center elementor-widget elementor-widget-button\" data-id=\"4bdafdf\" data-element_type=\"widget\" data-widget_type=\"button.default\">\n\t\t\t\t<div class=\"elementor-widget-container\">\n\t\t\t\t\t\t\t\t\t<div class=\"elementor-button-wrapper\">\n\t\t\t\t\t<a class=\"elementor-button elementor-button-link elementor-size-sm\" href=\"#elementor-action%3Aaction%3Dpopup%3Aopen%26settings%3DeyJpZCI6MTc4MCwidG9nZ2xlIjpmYWxzZX0%3D\">\n\t\t\t\t\t\t<span class=\"elementor-button-content-wrapper\">\n\t\t\t\t\t\t\t\t\t<span class=\"elementor-button-text\">\u00bfQuieres unirte? \u00a1Te llamamos gratis!<\/span>\n\t\t\t\t\t<\/span>\n\t\t\t\t\t<\/a>\n\t\t\t\t<\/div>\n\t\t\t\t\t\t\t\t<\/div>\n\t\t\t\t<\/div>\n\t\t\t\t\t<\/div>\n\t\t<\/div>\n\t\t\t\t\t<\/div>\n\t\t<\/section>\n\t\t\t\t<\/div>\n\t\t","protected":false},"excerpt":{"rendered":"<p>Nutrici&oacute;n El complemento perfecto para tus entrenamientos: dieta y H&aacute;bitos m&aacute;s saludables se traducen en una vida m&aacute;s feliz. Combinar ejercicio f&iacute;sico y nutrici&oacute;n &ndash; &iquest;Por qu&eacute;? Desempe&ntilde;an un papel importante en el control del peso, la prevenci&oacute;n de enfermedades [&hellip;]<\/p>\n","protected":false},"author":1,"featured_media":0,"parent":0,"menu_order":0,"comment_status":"closed","ping_status":"closed","template":"full-width.php","meta":{"_acf_changed":false,"footnotes":""},"class_list":["post-10362","page","type-page","status-publish","hentry"],"acf":[],"yoast_head":"<!-- This site is optimized with the Yoast SEO plugin v27.2 - https:\/\/yoast.com\/product\/yoast-seo-wordpress\/ -->\n<title>Nutrici\u00f3n - Focus Fitness<\/title>\n<meta name=\"robots\" content=\"index, follow, max-snippet:-1, max-image-preview:large, max-video-preview:-1\" \/>\n<link rel=\"canonical\" href=\"https:\/\/focusfitness.pt\/es\/nutricion\/\" \/>\n<meta property=\"og:locale\" content=\"es_ES\" \/>\n<meta property=\"og:type\" content=\"article\" \/>\n<meta property=\"og:title\" content=\"Nutrici\u00f3n - Focus Fitness\" \/>\n<meta property=\"og:description\" content=\"Nutrici&oacute;n El complemento perfecto para tus entrenamientos: dieta y H&aacute;bitos m&aacute;s saludables se traducen en una vida m&aacute;s feliz. Combinar ejercicio f&iacute;sico y nutrici&oacute;n &ndash; &iquest;Por qu&eacute;? Desempe&ntilde;an un papel importante en el control del peso, la prevenci&oacute;n de enfermedades [&hellip;]\" \/>\n<meta property=\"og:url\" content=\"https:\/\/focusfitness.pt\/es\/nutricion\/\" \/>\n<meta property=\"og:site_name\" content=\"Focus Fitness\" \/>\n<meta property=\"article:publisher\" content=\"https:\/\/www.facebook.com\/focusfitnessportugal\" \/>\n<meta property=\"article:modified_time\" content=\"2025-11-25T11:15:01+00:00\" \/>\n<meta property=\"og:image\" content=\"https:\/\/focusfitness.pt\/wp-content\/uploads\/2023\/03\/Focus_Logotipo-NOVO_-scaled.png\" \/>\n\t<meta property=\"og:image:width\" content=\"2560\" \/>\n\t<meta property=\"og:image:height\" content=\"1811\" \/>\n\t<meta property=\"og:image:type\" content=\"image\/png\" \/>\n<meta name=\"twitter:card\" content=\"summary_large_image\" \/>\n<meta name=\"twitter:label1\" content=\"Tiempo de lectura\" \/>\n\t<meta name=\"twitter:data1\" content=\"1 minuto\" \/>\n<script type=\"application\/ld+json\" class=\"yoast-schema-graph\">{\"@context\":\"https:\/\/schema.org\",\"@graph\":[{\"@type\":\"WebPage\",\"@id\":\"https:\/\/focusfitness.pt\/es\/nutricion\/\",\"url\":\"https:\/\/focusfitness.pt\/es\/nutricion\/\",\"name\":\"Nutrici\u00f3n - Focus Fitness\",\"isPartOf\":{\"@id\":\"https:\/\/focusfitness.pt\/es\/#website\"},\"datePublished\":\"2023-03-31T13:42:19+00:00\",\"dateModified\":\"2025-11-25T11:15:01+00:00\",\"breadcrumb\":{\"@id\":\"https:\/\/focusfitness.pt\/es\/nutricion\/#breadcrumb\"},\"inLanguage\":\"es\",\"potentialAction\":[{\"@type\":\"ReadAction\",\"target\":[\"https:\/\/focusfitness.pt\/es\/nutricion\/\"]}]},{\"@type\":\"BreadcrumbList\",\"@id\":\"https:\/\/focusfitness.pt\/es\/nutricion\/#breadcrumb\",\"itemListElement\":[{\"@type\":\"ListItem\",\"position\":1,\"name\":\"In\u00edcio\",\"item\":\"https:\/\/focusfitness.pt\/es\/\"},{\"@type\":\"ListItem\",\"position\":2,\"name\":\"Nutrici\u00f3n\"}]},{\"@type\":\"WebSite\",\"@id\":\"https:\/\/focusfitness.pt\/es\/#website\",\"url\":\"https:\/\/focusfitness.pt\/es\/\",\"name\":\"Focus Fitness\",\"description\":\"Focus Fitness\",\"publisher\":{\"@id\":\"https:\/\/focusfitness.pt\/es\/#organization\"},\"alternateName\":\"Focus Fitness\",\"potentialAction\":[{\"@type\":\"SearchAction\",\"target\":{\"@type\":\"EntryPoint\",\"urlTemplate\":\"https:\/\/focusfitness.pt\/es\/?s={search_term_string}\"},\"query-input\":{\"@type\":\"PropertyValueSpecification\",\"valueRequired\":true,\"valueName\":\"search_term_string\"}}],\"inLanguage\":\"es\"},{\"@type\":\"Organization\",\"@id\":\"https:\/\/focusfitness.pt\/es\/#organization\",\"name\":\"Focus Fitness\",\"alternateName\":\"Focus Fitness\",\"url\":\"https:\/\/focusfitness.pt\/es\/\",\"logo\":{\"@type\":\"ImageObject\",\"inLanguage\":\"es\",\"@id\":\"https:\/\/focusfitness.pt\/es\/#\/schema\/logo\/image\/\",\"url\":\"https:\/\/focusfitness.pt\/wp-content\/uploads\/2023\/03\/Focus_Logotipo-NOVO_-scaled.png\",\"contentUrl\":\"https:\/\/focusfitness.pt\/wp-content\/uploads\/2023\/03\/Focus_Logotipo-NOVO_-scaled.png\",\"width\":2560,\"height\":1811,\"caption\":\"Focus Fitness\"},\"image\":{\"@id\":\"https:\/\/focusfitness.pt\/es\/#\/schema\/logo\/image\/\"},\"sameAs\":[\"https:\/\/www.facebook.com\/focusfitnessportugal\",\"https:\/\/www.instagram.com\/focusfitnessportugal\/\",\"https:\/\/www.linkedin.com\/company\/focusfitnessportugal\/\",\"https:\/\/www.youtube.com\/channel\/UCL0TbPHRJGydq6z9GNFtxow\",\"https:\/\/www.tiktok.com\/@focus.fitness.pt?_t=8q1BafSpJx3&_r=1\"]}]}<\/script>\n<!-- \/ Yoast SEO plugin. -->","yoast_head_json":{"title":"Nutrici\u00f3n - Focus Fitness","robots":{"index":"index","follow":"follow","max-snippet":"max-snippet:-1","max-image-preview":"max-image-preview:large","max-video-preview":"max-video-preview:-1"},"canonical":"https:\/\/focusfitness.pt\/es\/nutricion\/","og_locale":"es_ES","og_type":"article","og_title":"Nutrici\u00f3n - Focus Fitness","og_description":"Nutrici&oacute;n El complemento perfecto para tus entrenamientos: dieta y H&aacute;bitos m&aacute;s saludables se traducen en una vida m&aacute;s feliz. Combinar ejercicio f&iacute;sico y nutrici&oacute;n &ndash; &iquest;Por qu&eacute;? Desempe&ntilde;an un papel importante en el control del peso, la prevenci&oacute;n de enfermedades [&hellip;]","og_url":"https:\/\/focusfitness.pt\/es\/nutricion\/","og_site_name":"Focus Fitness","article_publisher":"https:\/\/www.facebook.com\/focusfitnessportugal","article_modified_time":"2025-11-25T11:15:01+00:00","og_image":[{"width":2560,"height":1811,"url":"https:\/\/focusfitness.pt\/wp-content\/uploads\/2023\/03\/Focus_Logotipo-NOVO_-scaled.png","type":"image\/png"}],"twitter_card":"summary_large_image","twitter_misc":{"Tiempo de lectura":"1 minuto"},"schema":{"@context":"https:\/\/schema.org","@graph":[{"@type":"WebPage","@id":"https:\/\/focusfitness.pt\/es\/nutricion\/","url":"https:\/\/focusfitness.pt\/es\/nutricion\/","name":"Nutrici\u00f3n - Focus Fitness","isPartOf":{"@id":"https:\/\/focusfitness.pt\/es\/#website"},"datePublished":"2023-03-31T13:42:19+00:00","dateModified":"2025-11-25T11:15:01+00:00","breadcrumb":{"@id":"https:\/\/focusfitness.pt\/es\/nutricion\/#breadcrumb"},"inLanguage":"es","potentialAction":[{"@type":"ReadAction","target":["https:\/\/focusfitness.pt\/es\/nutricion\/"]}]},{"@type":"BreadcrumbList","@id":"https:\/\/focusfitness.pt\/es\/nutricion\/#breadcrumb","itemListElement":[{"@type":"ListItem","position":1,"name":"In\u00edcio","item":"https:\/\/focusfitness.pt\/es\/"},{"@type":"ListItem","position":2,"name":"Nutrici\u00f3n"}]},{"@type":"WebSite","@id":"https:\/\/focusfitness.pt\/es\/#website","url":"https:\/\/focusfitness.pt\/es\/","name":"Focus Fitness","description":"Focus Fitness","publisher":{"@id":"https:\/\/focusfitness.pt\/es\/#organization"},"alternateName":"Focus Fitness","potentialAction":[{"@type":"SearchAction","target":{"@type":"EntryPoint","urlTemplate":"https:\/\/focusfitness.pt\/es\/?s={search_term_string}"},"query-input":{"@type":"PropertyValueSpecification","valueRequired":true,"valueName":"search_term_string"}}],"inLanguage":"es"},{"@type":"Organization","@id":"https:\/\/focusfitness.pt\/es\/#organization","name":"Focus Fitness","alternateName":"Focus Fitness","url":"https:\/\/focusfitness.pt\/es\/","logo":{"@type":"ImageObject","inLanguage":"es","@id":"https:\/\/focusfitness.pt\/es\/#\/schema\/logo\/image\/","url":"https:\/\/focusfitness.pt\/wp-content\/uploads\/2023\/03\/Focus_Logotipo-NOVO_-scaled.png","contentUrl":"https:\/\/focusfitness.pt\/wp-content\/uploads\/2023\/03\/Focus_Logotipo-NOVO_-scaled.png","width":2560,"height":1811,"caption":"Focus Fitness"},"image":{"@id":"https:\/\/focusfitness.pt\/es\/#\/schema\/logo\/image\/"},"sameAs":["https:\/\/www.facebook.com\/focusfitnessportugal","https:\/\/www.instagram.com\/focusfitnessportugal\/","https:\/\/www.linkedin.com\/company\/focusfitnessportugal\/","https:\/\/www.youtube.com\/channel\/UCL0TbPHRJGydq6z9GNFtxow","https:\/\/www.tiktok.com\/@focus.fitness.pt?_t=8q1BafSpJx3&_r=1"]}]}},"_links":{"self":[{"href":"https:\/\/focusfitness.pt\/es\/wp-json\/wp\/v2\/pages\/10362","targetHints":{"allow":["GET"]}}],"collection":[{"href":"https:\/\/focusfitness.pt\/es\/wp-json\/wp\/v2\/pages"}],"about":[{"href":"https:\/\/focusfitness.pt\/es\/wp-json\/wp\/v2\/types\/page"}],"author":[{"embeddable":true,"href":"https:\/\/focusfitness.pt\/es\/wp-json\/wp\/v2\/users\/1"}],"replies":[{"embeddable":true,"href":"https:\/\/focusfitness.pt\/es\/wp-json\/wp\/v2\/comments?post=10362"}],"version-history":[{"count":1,"href":"https:\/\/focusfitness.pt\/es\/wp-json\/wp\/v2\/pages\/10362\/revisions"}],"predecessor-version":[{"id":10372,"href":"https:\/\/focusfitness.pt\/es\/wp-json\/wp\/v2\/pages\/10362\/revisions\/10372"}],"wp:attachment":[{"href":"https:\/\/focusfitness.pt\/es\/wp-json\/wp\/v2\/media?parent=10362"}],"curies":[{"name":"wp","href":"https:\/\/api.w.org\/{rel}","templated":true}]}}