{"id":9701,"date":"2023-04-03T10:15:26","date_gmt":"2023-04-03T10:15:26","guid":{"rendered":"https:\/\/focusfitness.pt\/planes-de-entrenamiento\/"},"modified":"2025-11-25T11:14:16","modified_gmt":"2025-11-25T11:14:16","slug":"planes-de-entrenamiento","status":"publish","type":"page","link":"https:\/\/focusfitness.pt\/es\/planes-de-entrenamiento\/","title":{"rendered":"Planes de Entrenamiento"},"content":{"rendered":"\t\t<div data-elementor-type=\"wp-page\" data-elementor-id=\"9701\" class=\"elementor elementor-9701 elementor-1433\" data-elementor-post-type=\"page\">\n\t\t\t\t\t\t<section class=\"elementor-section elementor-top-section elementor-element elementor-element-882e812 elementor-section-full_width elementor-section-height-min-height elementor-section-height-default elementor-section-items-middle mkdf-parallax-row-no mkdf-content-aligment-left mkdf-elementor-row-grid-no mkdf-disabled-bg-image-bellow-no mkdf-row-btt-light\" data-id=\"882e812\" data-element_type=\"section\" data-settings=\"{&quot;background_background&quot;:&quot;classic&quot;}\">\n\t\t\t\t\t\t\t<div class=\"elementor-background-overlay\"><\/div>\n\t\t\t\t\t\t\t<div class=\"elementor-container elementor-column-gap-default\">\n\t\t\t\t\t<div class=\"elementor-column elementor-col-100 elementor-top-column elementor-element elementor-element-1302e08\" data-id=\"1302e08\" data-element_type=\"column\">\n\t\t\t<div class=\"elementor-widget-wrap elementor-element-populated\">\n\t\t\t\t\t\t<div class=\"elementor-element elementor-element-a3d69e7 elementor-widget elementor-widget-heading\" data-id=\"a3d69e7\" data-element_type=\"widget\" data-widget_type=\"heading.default\">\n\t\t\t\t<div class=\"elementor-widget-container\">\n\t\t\t\t\t<h2 class=\"elementor-heading-title elementor-size-default\">Planes de Entrenamiento<\/h2>\t\t\t\t<\/div>\n\t\t\t\t<\/div>\n\t\t\t\t<div class=\"elementor-element elementor-element-adeaae3 elementor-widget elementor-widget-text-editor\" data-id=\"adeaae3\" data-element_type=\"widget\" data-widget_type=\"text-editor.default\">\n\t\t\t\t<div class=\"elementor-widget-container\">\n\t\t\t\t\t\t\t\t\t<p>Desaf\u00eda a tu mente y tu cuerpo te seguir\u00e1.<br>  Este es el servicio que te ayudar\u00e1 a sacar lo mejor de ti mismo.<\/p>\t\t\t\t\t\t\t\t<\/div>\n\t\t\t\t<\/div>\n\t\t\t\t\t<\/div>\n\t\t<\/div>\n\t\t\t\t\t<\/div>\n\t\t<\/section>\n\t\t\t\t<section class=\"elementor-section elementor-top-section elementor-element elementor-element-ec35b52 elementor-section-full_width elementor-section-height-default elementor-section-height-default mkdf-parallax-row-no mkdf-content-aligment-left mkdf-elementor-row-grid-no mkdf-disabled-bg-image-bellow-no mkdf-row-btt-light\" data-id=\"ec35b52\" data-element_type=\"section\">\n\t\t\t\t\t\t<div class=\"elementor-container elementor-column-gap-default\">\n\t\t\t\t\t<div class=\"elementor-column elementor-col-50 elementor-top-column elementor-element elementor-element-50277fb\" data-id=\"50277fb\" data-element_type=\"column\">\n\t\t\t<div class=\"elementor-widget-wrap elementor-element-populated\">\n\t\t\t\t\t\t<div class=\"elementor-element elementor-element-f46f029 elementor-widget elementor-widget-heading\" data-id=\"f46f029\" data-element_type=\"widget\" data-widget_type=\"heading.default\">\n\t\t\t\t<div class=\"elementor-widget-container\">\n\t\t\t\t\t<h2 class=\"elementor-heading-title elementor-size-default\">Plan de entrenamiento - \u00bfPor qu\u00e9?<\/h2>\t\t\t\t<\/div>\n\t\t\t\t<\/div>\n\t\t\t\t<div class=\"elementor-element elementor-element-2b258cd elementor-align-left elementor-icon-list--layout-traditional elementor-list-item-link-full_width elementor-widget elementor-widget-icon-list\" data-id=\"2b258cd\" data-element_type=\"widget\" data-widget_type=\"icon-list.default\">\n\t\t\t\t<div class=\"elementor-widget-container\">\n\t\t\t\t\t\t\t<ul class=\"elementor-icon-list-items\">\n\t\t\t\t\t\t\t<li class=\"elementor-icon-list-item\">\n\t\t\t\t\t\t\t\t\t\t\t<span class=\"elementor-icon-list-icon\">\n\t\t\t\t\t\t\t<svg xmlns=\"http:\/\/www.w3.org\/2000\/svg\" width=\"21\" height=\"21\" viewBox=\"0 0 21 21\" fill=\"none\"><circle cx=\"10.5\" cy=\"10.5\" r=\"10.5\" fill=\"#93282B\"><\/circle><path d=\"M6 10.2667L9.47826 14L16 7\" stroke=\"white\" stroke-width=\"2\"><\/path><\/svg>\t\t\t\t\t\t<\/span>\n\t\t\t\t\t\t\t\t\t\t<span class=\"elementor-icon-list-text\">Progreso constante: Un plan de entrenamiento bien estructurado adaptado a tus necesidades puede ayudarte a alcanzar tus objetivos de forma constante y progresiva;<\/span>\n\t\t\t\t\t\t\t\t\t<\/li>\n\t\t\t\t\t\t\t\t<li class=\"elementor-icon-list-item\">\n\t\t\t\t\t\t\t\t\t\t\t<span class=\"elementor-icon-list-icon\">\n\t\t\t\t\t\t\t<svg xmlns=\"http:\/\/www.w3.org\/2000\/svg\" width=\"21\" height=\"21\" viewBox=\"0 0 21 21\" fill=\"none\"><circle cx=\"10.5\" cy=\"10.5\" r=\"10.5\" fill=\"#93282B\"><\/circle><path d=\"M6 10.2667L9.47826 14L16 7\" stroke=\"white\" stroke-width=\"2\"><\/path><\/svg>\t\t\t\t\t\t<\/span>\n\t\t\t\t\t\t\t\t\t\t<span class=\"elementor-icon-list-text\">Prevenci\u00f3n de lesiones: Un plan de entrenamiento adecuado puede ayudarte a evitar lesiones y asegurarse de que ejercites de forma segura. Esto incluye elegir ejercicios apropiados para tu nivel de forma f\u00edsica; <\/span>\n\t\t\t\t\t\t\t\t\t<\/li>\n\t\t\t\t\t\t\t\t<li class=\"elementor-icon-list-item\">\n\t\t\t\t\t\t\t\t\t\t\t<span class=\"elementor-icon-list-icon\">\n\t\t\t\t\t\t\t<svg xmlns=\"http:\/\/www.w3.org\/2000\/svg\" width=\"21\" height=\"21\" viewBox=\"0 0 21 21\" fill=\"none\"><circle cx=\"10.5\" cy=\"10.5\" r=\"10.5\" fill=\"#93282B\"><\/circle><path d=\"M6 10.2667L9.47826 14L16 7\" stroke=\"white\" stroke-width=\"2\"><\/path><\/svg>\t\t\t\t\t\t<\/span>\n\t\t\t\t\t\t\t\t\t\t<span class=\"elementor-icon-list-text\">Variedad: Un plan de entrenamiento bien planificado puede incluir una variedad de ejercicios y actividades, lo que ayuda a evitar el aburrimiento y la monoton\u00eda, y hace que entrenar sea m\u00e1s divertido y desafiante. Tambi\u00e9n ayuda a trabajar diferentes grupos musculares y mejorar la coordinaci\u00f3n y el equilibrio; <\/span>\n\t\t\t\t\t\t\t\t\t<\/li>\n\t\t\t\t\t\t\t\t<li class=\"elementor-icon-list-item\">\n\t\t\t\t\t\t\t\t\t\t\t<span class=\"elementor-icon-list-icon\">\n\t\t\t\t\t\t\t<svg xmlns=\"http:\/\/www.w3.org\/2000\/svg\" width=\"21\" height=\"21\" viewBox=\"0 0 21 21\" fill=\"none\"><circle cx=\"10.5\" cy=\"10.5\" r=\"10.5\" fill=\"#93282B\"><\/circle><path d=\"M6 10.2667L9.47826 14L16 7\" stroke=\"white\" stroke-width=\"2\"><\/path><\/svg>\t\t\t\t\t\t<\/span>\n\t\t\t\t\t\t\t\t\t\t<span class=\"elementor-icon-list-text\">Alcanzar objetivos: Un plan de entrenamiento puede ayudarte a establecer metas realistas y alcanzables, y a seguir tu progreso hacia ellas;<\/span>\n\t\t\t\t\t\t\t\t\t<\/li>\n\t\t\t\t\t\t\t\t<li class=\"elementor-icon-list-item\">\n\t\t\t\t\t\t\t\t\t\t\t<span class=\"elementor-icon-list-icon\">\n\t\t\t\t\t\t\t<svg xmlns=\"http:\/\/www.w3.org\/2000\/svg\" width=\"21\" height=\"21\" viewBox=\"0 0 21 21\" fill=\"none\"><circle cx=\"10.5\" cy=\"10.5\" r=\"10.5\" fill=\"#93282B\"><\/circle><path d=\"M6 10.2667L9.47826 14L16 7\" stroke=\"white\" stroke-width=\"2\"><\/path><\/svg>\t\t\t\t\t\t<\/span>\n\t\t\t\t\t\t\t\t\t\t<span class=\"elementor-icon-list-text\">Mejora la salud: Un plan de entrenamiento ayuda a mejorar tu salud general, incluyendo la salud cardiovascular, la fuerza muscular, la flexibilidad, la densidad \u00f3sea y la salud mental.<\/span>\n\t\t\t\t\t\t\t\t\t<\/li>\n\t\t\t\t\t\t<\/ul>\n\t\t\t\t\t\t<\/div>\n\t\t\t\t<\/div>\n\t\t\t\t\t<\/div>\n\t\t<\/div>\n\t\t\t\t<div class=\"elementor-column elementor-col-50 elementor-top-column elementor-element elementor-element-306dc09 elementor-hidden-mobile elementor-hidden-tablet elementor-hidden-mobile_extra\" data-id=\"306dc09\" data-element_type=\"column\">\n\t\t\t<div class=\"elementor-widget-wrap elementor-element-populated\">\n\t\t\t\t\t\t<div class=\"elementor-element elementor-element-6070abb elementor-widget elementor-widget-image\" data-id=\"6070abb\" data-element_type=\"widget\" data-widget_type=\"image.default\">\n\t\t\t\t<div class=\"elementor-widget-container\">\n\t\t\t\t\t\t\t\t\t\t\t\t\t\t\t<img decoding=\"async\" width=\"1708\" height=\"2560\" src=\"https:\/\/focusfitness.pt\/wp-content\/uploads\/2023\/04\/ff_planoTreino_img1-scaled.jpg\" class=\"attachment-full size-full wp-image-9703\" alt=\"\" srcset=\"https:\/\/focusfitness.pt\/wp-content\/uploads\/2023\/04\/ff_planoTreino_img1-scaled.jpg 1708w, https:\/\/focusfitness.pt\/wp-content\/uploads\/2023\/04\/ff_planoTreino_img1-scaled-600x899.jpg 600w, https:\/\/focusfitness.pt\/wp-content\/uploads\/2023\/04\/ff_planoTreino_img1-200x300.jpg 200w, https:\/\/focusfitness.pt\/wp-content\/uploads\/2023\/04\/ff_planoTreino_img1-683x1024.jpg 683w, https:\/\/focusfitness.pt\/wp-content\/uploads\/2023\/04\/ff_planoTreino_img1-768x1151.jpg 768w, https:\/\/focusfitness.pt\/wp-content\/uploads\/2023\/04\/ff_planoTreino_img1-1025x1536.jpg 1025w, https:\/\/focusfitness.pt\/wp-content\/uploads\/2023\/04\/ff_planoTreino_img1-1366x2048.jpg 1366w\" sizes=\"(max-width: 1708px) 100vw, 1708px\" \/>\t\t\t\t\t\t\t\t\t\t\t\t\t\t\t<\/div>\n\t\t\t\t<\/div>\n\t\t\t\t\t<\/div>\n\t\t<\/div>\n\t\t\t\t\t<\/div>\n\t\t<\/section>\n\t\t\t\t<section class=\"elementor-section elementor-top-section elementor-element elementor-element-e95f47c elementor-section-full_width elementor-section-height-default elementor-section-height-default mkdf-parallax-row-no mkdf-content-aligment-left mkdf-elementor-row-grid-no mkdf-disabled-bg-image-bellow-no mkdf-row-btt-light\" data-id=\"e95f47c\" data-element_type=\"section\">\n\t\t\t\t\t\t<div class=\"elementor-container elementor-column-gap-default\">\n\t\t\t\t\t<div class=\"elementor-column elementor-col-100 elementor-top-column elementor-element elementor-element-50a109c\" data-id=\"50a109c\" data-element_type=\"column\">\n\t\t\t<div class=\"elementor-widget-wrap elementor-element-populated\">\n\t\t\t\t\t\t<div class=\"elementor-element elementor-element-644235b elementor-widget elementor-widget-heading\" data-id=\"644235b\" data-element_type=\"widget\" data-widget_type=\"heading.default\">\n\t\t\t\t<div class=\"elementor-widget-container\">\n\t\t\t\t\t<h2 class=\"elementor-heading-title elementor-size-default\">Valora tu bienestar: \u00a1reserva tu evaluaci\u00f3n f\u00edsica ahora!&nbsp;<\/h2>\t\t\t\t<\/div>\n\t\t\t\t<\/div>\n\t\t\t\t<div class=\"elementor-element elementor-element-f6c0cb0 elementor-widget elementor-widget-spacer\" data-id=\"f6c0cb0\" data-element_type=\"widget\" data-widget_type=\"spacer.default\">\n\t\t\t\t<div class=\"elementor-widget-container\">\n\t\t\t\t\t\t\t<div class=\"elementor-spacer\">\n\t\t\t<div class=\"elementor-spacer-inner\"><\/div>\n\t\t<\/div>\n\t\t\t\t\t\t<\/div>\n\t\t\t\t<\/div>\n\t\t\t\t\t<\/div>\n\t\t<\/div>\n\t\t\t\t\t<\/div>\n\t\t<\/section>\n\t\t\t\t<section class=\"elementor-section elementor-top-section elementor-element elementor-element-45a67b3e elementor-section-full_width elementor-section-height-min-height elementor-section-height-default elementor-section-items-middle mkdf-parallax-row-no mkdf-content-aligment-left mkdf-elementor-row-grid-no mkdf-disabled-bg-image-bellow-no mkdf-row-btt-light\" data-id=\"45a67b3e\" data-element_type=\"section\" data-settings=\"{&quot;background_background&quot;:&quot;classic&quot;}\">\n\t\t\t\t\t\t<div class=\"elementor-container elementor-column-gap-default\">\n\t\t\t\t\t<div class=\"elementor-column elementor-col-100 elementor-top-column elementor-element elementor-element-29b3db70\" data-id=\"29b3db70\" data-element_type=\"column\">\n\t\t\t<div class=\"elementor-widget-wrap elementor-element-populated\">\n\t\t\t\t\t\t<div class=\"elementor-element elementor-element-bc77fe6 elementor-align-center elementor-widget elementor-widget-button\" data-id=\"bc77fe6\" data-element_type=\"widget\" data-widget_type=\"button.default\">\n\t\t\t\t<div class=\"elementor-widget-container\">\n\t\t\t\t\t\t\t\t\t<div class=\"elementor-button-wrapper\">\n\t\t\t\t\t<a class=\"elementor-button elementor-button-link elementor-size-sm\" href=\"#elementor-action%3Aaction%3Dpopup%3Aopen%26settings%3DeyJpZCI6MTc4MCwidG9nZ2xlIjpmYWxzZX0%3D\">\n\t\t\t\t\t\t<span class=\"elementor-button-content-wrapper\">\n\t\t\t\t\t\t\t\t\t<span class=\"elementor-button-text\">\u00bfQuieres unirte? \u00a1Te llamamos gratis!<\/span>\n\t\t\t\t\t<\/span>\n\t\t\t\t\t<\/a>\n\t\t\t\t<\/div>\n\t\t\t\t\t\t\t\t<\/div>\n\t\t\t\t<\/div>\n\t\t\t\t\t<\/div>\n\t\t<\/div>\n\t\t\t\t\t<\/div>\n\t\t<\/section>\n\t\t\t\t<\/div>\n\t\t","protected":false},"excerpt":{"rendered":"<p>Planes de Entrenamiento Desaf&iacute;a a tu mente y tu cuerpo te seguir&aacute;. Este es el servicio que te ayudar&aacute; a sacar lo mejor de ti mismo. Plan de entrenamiento &ndash; &iquest;Por qu&eacute;? Progreso constante: Un plan de entrenamiento bien estructurado [&hellip;]<\/p>\n","protected":false},"author":1,"featured_media":0,"parent":0,"menu_order":0,"comment_status":"closed","ping_status":"closed","template":"full-width.php","meta":{"_acf_changed":false,"footnotes":""},"class_list":["post-9701","page","type-page","status-publish","hentry"],"acf":[],"yoast_head":"<!-- This site is optimized with the Yoast SEO plugin v27.2 - https:\/\/yoast.com\/product\/yoast-seo-wordpress\/ -->\n<title>Planes de Entrenamiento - Focus Fitness<\/title>\n<meta name=\"robots\" content=\"index, follow, max-snippet:-1, max-image-preview:large, max-video-preview:-1\" \/>\n<link rel=\"canonical\" href=\"https:\/\/focusfitness.pt\/es\/planes-de-entrenamiento\/\" \/>\n<meta property=\"og:locale\" content=\"es_ES\" \/>\n<meta property=\"og:type\" content=\"article\" \/>\n<meta property=\"og:title\" content=\"Planes de Entrenamiento - Focus Fitness\" \/>\n<meta property=\"og:description\" content=\"Planes de Entrenamiento Desaf&iacute;a a tu mente y tu cuerpo te seguir&aacute;. Este es el servicio que te ayudar&aacute; a sacar lo mejor de ti mismo. Plan de entrenamiento &ndash; &iquest;Por qu&eacute;? Progreso constante: Un plan de entrenamiento bien estructurado [&hellip;]\" \/>\n<meta property=\"og:url\" content=\"https:\/\/focusfitness.pt\/es\/planes-de-entrenamiento\/\" \/>\n<meta property=\"og:site_name\" content=\"Focus Fitness\" \/>\n<meta property=\"article:publisher\" content=\"https:\/\/www.facebook.com\/focusfitnessportugal\" \/>\n<meta property=\"article:modified_time\" content=\"2025-11-25T11:14:16+00:00\" \/>\n<meta property=\"og:image\" content=\"https:\/\/focusfitness.pt\/wp-content\/uploads\/2023\/04\/ff_planoTreino_img1-scaled.jpg\" \/>\n\t<meta property=\"og:image:width\" content=\"1708\" \/>\n\t<meta property=\"og:image:height\" content=\"2560\" \/>\n\t<meta property=\"og:image:type\" content=\"image\/jpeg\" \/>\n<meta name=\"twitter:card\" content=\"summary_large_image\" \/>\n<meta name=\"twitter:label1\" content=\"Tiempo de lectura\" \/>\n\t<meta name=\"twitter:data1\" content=\"1 minuto\" \/>\n<script type=\"application\/ld+json\" class=\"yoast-schema-graph\">{\"@context\":\"https:\/\/schema.org\",\"@graph\":[{\"@type\":\"WebPage\",\"@id\":\"https:\/\/focusfitness.pt\/es\/planes-de-entrenamiento\/\",\"url\":\"https:\/\/focusfitness.pt\/es\/planes-de-entrenamiento\/\",\"name\":\"Planes de Entrenamiento - Focus Fitness\",\"isPartOf\":{\"@id\":\"https:\/\/focusfitness.pt\/es\/#website\"},\"primaryImageOfPage\":{\"@id\":\"https:\/\/focusfitness.pt\/es\/planes-de-entrenamiento\/#primaryimage\"},\"image\":{\"@id\":\"https:\/\/focusfitness.pt\/es\/planes-de-entrenamiento\/#primaryimage\"},\"thumbnailUrl\":\"https:\/\/focusfitness.pt\/wp-content\/uploads\/2023\/04\/ff_planoTreino_img1-scaled.jpg\",\"datePublished\":\"2023-04-03T10:15:26+00:00\",\"dateModified\":\"2025-11-25T11:14:16+00:00\",\"breadcrumb\":{\"@id\":\"https:\/\/focusfitness.pt\/es\/planes-de-entrenamiento\/#breadcrumb\"},\"inLanguage\":\"es\",\"potentialAction\":[{\"@type\":\"ReadAction\",\"target\":[\"https:\/\/focusfitness.pt\/es\/planes-de-entrenamiento\/\"]}]},{\"@type\":\"ImageObject\",\"inLanguage\":\"es\",\"@id\":\"https:\/\/focusfitness.pt\/es\/planes-de-entrenamiento\/#primaryimage\",\"url\":\"https:\/\/focusfitness.pt\/wp-content\/uploads\/2023\/04\/ff_planoTreino_img1-scaled.jpg\",\"contentUrl\":\"https:\/\/focusfitness.pt\/wp-content\/uploads\/2023\/04\/ff_planoTreino_img1-scaled.jpg\"},{\"@type\":\"BreadcrumbList\",\"@id\":\"https:\/\/focusfitness.pt\/es\/planes-de-entrenamiento\/#breadcrumb\",\"itemListElement\":[{\"@type\":\"ListItem\",\"position\":1,\"name\":\"In\u00edcio\",\"item\":\"https:\/\/focusfitness.pt\/es\/\"},{\"@type\":\"ListItem\",\"position\":2,\"name\":\"Planes de Entrenamiento\"}]},{\"@type\":\"WebSite\",\"@id\":\"https:\/\/focusfitness.pt\/es\/#website\",\"url\":\"https:\/\/focusfitness.pt\/es\/\",\"name\":\"Focus Fitness\",\"description\":\"Focus Fitness\",\"publisher\":{\"@id\":\"https:\/\/focusfitness.pt\/es\/#organization\"},\"alternateName\":\"Focus Fitness\",\"potentialAction\":[{\"@type\":\"SearchAction\",\"target\":{\"@type\":\"EntryPoint\",\"urlTemplate\":\"https:\/\/focusfitness.pt\/es\/?s={search_term_string}\"},\"query-input\":{\"@type\":\"PropertyValueSpecification\",\"valueRequired\":true,\"valueName\":\"search_term_string\"}}],\"inLanguage\":\"es\"},{\"@type\":\"Organization\",\"@id\":\"https:\/\/focusfitness.pt\/es\/#organization\",\"name\":\"Focus Fitness\",\"alternateName\":\"Focus Fitness\",\"url\":\"https:\/\/focusfitness.pt\/es\/\",\"logo\":{\"@type\":\"ImageObject\",\"inLanguage\":\"es\",\"@id\":\"https:\/\/focusfitness.pt\/es\/#\/schema\/logo\/image\/\",\"url\":\"https:\/\/focusfitness.pt\/wp-content\/uploads\/2023\/03\/Focus_Logotipo-NOVO_-scaled.png\",\"contentUrl\":\"https:\/\/focusfitness.pt\/wp-content\/uploads\/2023\/03\/Focus_Logotipo-NOVO_-scaled.png\",\"width\":2560,\"height\":1811,\"caption\":\"Focus Fitness\"},\"image\":{\"@id\":\"https:\/\/focusfitness.pt\/es\/#\/schema\/logo\/image\/\"},\"sameAs\":[\"https:\/\/www.facebook.com\/focusfitnessportugal\",\"https:\/\/www.instagram.com\/focusfitnessportugal\/\",\"https:\/\/www.linkedin.com\/company\/focusfitnessportugal\/\",\"https:\/\/www.youtube.com\/channel\/UCL0TbPHRJGydq6z9GNFtxow\",\"https:\/\/www.tiktok.com\/@focus.fitness.pt?_t=8q1BafSpJx3&_r=1\"]}]}<\/script>\n<!-- \/ Yoast SEO plugin. -->","yoast_head_json":{"title":"Planes de Entrenamiento - Focus Fitness","robots":{"index":"index","follow":"follow","max-snippet":"max-snippet:-1","max-image-preview":"max-image-preview:large","max-video-preview":"max-video-preview:-1"},"canonical":"https:\/\/focusfitness.pt\/es\/planes-de-entrenamiento\/","og_locale":"es_ES","og_type":"article","og_title":"Planes de Entrenamiento - Focus Fitness","og_description":"Planes de Entrenamiento Desaf&iacute;a a tu mente y tu cuerpo te seguir&aacute;. Este es el servicio que te ayudar&aacute; a sacar lo mejor de ti mismo. Plan de entrenamiento &ndash; &iquest;Por qu&eacute;? Progreso constante: Un plan de entrenamiento bien estructurado [&hellip;]","og_url":"https:\/\/focusfitness.pt\/es\/planes-de-entrenamiento\/","og_site_name":"Focus Fitness","article_publisher":"https:\/\/www.facebook.com\/focusfitnessportugal","article_modified_time":"2025-11-25T11:14:16+00:00","og_image":[{"width":1708,"height":2560,"url":"https:\/\/focusfitness.pt\/wp-content\/uploads\/2023\/04\/ff_planoTreino_img1-scaled.jpg","type":"image\/jpeg"}],"twitter_card":"summary_large_image","twitter_misc":{"Tiempo de lectura":"1 minuto"},"schema":{"@context":"https:\/\/schema.org","@graph":[{"@type":"WebPage","@id":"https:\/\/focusfitness.pt\/es\/planes-de-entrenamiento\/","url":"https:\/\/focusfitness.pt\/es\/planes-de-entrenamiento\/","name":"Planes de Entrenamiento - Focus Fitness","isPartOf":{"@id":"https:\/\/focusfitness.pt\/es\/#website"},"primaryImageOfPage":{"@id":"https:\/\/focusfitness.pt\/es\/planes-de-entrenamiento\/#primaryimage"},"image":{"@id":"https:\/\/focusfitness.pt\/es\/planes-de-entrenamiento\/#primaryimage"},"thumbnailUrl":"https:\/\/focusfitness.pt\/wp-content\/uploads\/2023\/04\/ff_planoTreino_img1-scaled.jpg","datePublished":"2023-04-03T10:15:26+00:00","dateModified":"2025-11-25T11:14:16+00:00","breadcrumb":{"@id":"https:\/\/focusfitness.pt\/es\/planes-de-entrenamiento\/#breadcrumb"},"inLanguage":"es","potentialAction":[{"@type":"ReadAction","target":["https:\/\/focusfitness.pt\/es\/planes-de-entrenamiento\/"]}]},{"@type":"ImageObject","inLanguage":"es","@id":"https:\/\/focusfitness.pt\/es\/planes-de-entrenamiento\/#primaryimage","url":"https:\/\/focusfitness.pt\/wp-content\/uploads\/2023\/04\/ff_planoTreino_img1-scaled.jpg","contentUrl":"https:\/\/focusfitness.pt\/wp-content\/uploads\/2023\/04\/ff_planoTreino_img1-scaled.jpg"},{"@type":"BreadcrumbList","@id":"https:\/\/focusfitness.pt\/es\/planes-de-entrenamiento\/#breadcrumb","itemListElement":[{"@type":"ListItem","position":1,"name":"In\u00edcio","item":"https:\/\/focusfitness.pt\/es\/"},{"@type":"ListItem","position":2,"name":"Planes de Entrenamiento"}]},{"@type":"WebSite","@id":"https:\/\/focusfitness.pt\/es\/#website","url":"https:\/\/focusfitness.pt\/es\/","name":"Focus Fitness","description":"Focus Fitness","publisher":{"@id":"https:\/\/focusfitness.pt\/es\/#organization"},"alternateName":"Focus Fitness","potentialAction":[{"@type":"SearchAction","target":{"@type":"EntryPoint","urlTemplate":"https:\/\/focusfitness.pt\/es\/?s={search_term_string}"},"query-input":{"@type":"PropertyValueSpecification","valueRequired":true,"valueName":"search_term_string"}}],"inLanguage":"es"},{"@type":"Organization","@id":"https:\/\/focusfitness.pt\/es\/#organization","name":"Focus Fitness","alternateName":"Focus Fitness","url":"https:\/\/focusfitness.pt\/es\/","logo":{"@type":"ImageObject","inLanguage":"es","@id":"https:\/\/focusfitness.pt\/es\/#\/schema\/logo\/image\/","url":"https:\/\/focusfitness.pt\/wp-content\/uploads\/2023\/03\/Focus_Logotipo-NOVO_-scaled.png","contentUrl":"https:\/\/focusfitness.pt\/wp-content\/uploads\/2023\/03\/Focus_Logotipo-NOVO_-scaled.png","width":2560,"height":1811,"caption":"Focus Fitness"},"image":{"@id":"https:\/\/focusfitness.pt\/es\/#\/schema\/logo\/image\/"},"sameAs":["https:\/\/www.facebook.com\/focusfitnessportugal","https:\/\/www.instagram.com\/focusfitnessportugal\/","https:\/\/www.linkedin.com\/company\/focusfitnessportugal\/","https:\/\/www.youtube.com\/channel\/UCL0TbPHRJGydq6z9GNFtxow","https:\/\/www.tiktok.com\/@focus.fitness.pt?_t=8q1BafSpJx3&_r=1"]}]}},"_links":{"self":[{"href":"https:\/\/focusfitness.pt\/es\/wp-json\/wp\/v2\/pages\/9701","targetHints":{"allow":["GET"]}}],"collection":[{"href":"https:\/\/focusfitness.pt\/es\/wp-json\/wp\/v2\/pages"}],"about":[{"href":"https:\/\/focusfitness.pt\/es\/wp-json\/wp\/v2\/types\/page"}],"author":[{"embeddable":true,"href":"https:\/\/focusfitness.pt\/es\/wp-json\/wp\/v2\/users\/1"}],"replies":[{"embeddable":true,"href":"https:\/\/focusfitness.pt\/es\/wp-json\/wp\/v2\/comments?post=9701"}],"version-history":[{"count":3,"href":"https:\/\/focusfitness.pt\/es\/wp-json\/wp\/v2\/pages\/9701\/revisions"}],"predecessor-version":[{"id":9745,"href":"https:\/\/focusfitness.pt\/es\/wp-json\/wp\/v2\/pages\/9701\/revisions\/9745"}],"wp:attachment":[{"href":"https:\/\/focusfitness.pt\/es\/wp-json\/wp\/v2\/media?parent=9701"}],"curies":[{"name":"wp","href":"https:\/\/api.w.org\/{rel}","templated":true}]}}