{"id":9941,"date":"2023-03-16T10:07:12","date_gmt":"2023-03-16T10:07:12","guid":{"rendered":"https:\/\/focusfitness.pt\/terminos-y-politica-de-privacidad\/"},"modified":"2025-11-25T11:14:52","modified_gmt":"2025-11-25T11:14:52","slug":"terminos-y-politica-de-privacidad","status":"publish","type":"page","link":"https:\/\/focusfitness.pt\/es\/terminos-y-politica-de-privacidad\/","title":{"rendered":"T\u00e9rminos y Pol\u00edtica de Privacidad"},"content":{"rendered":"\t\t<div data-elementor-type=\"wp-page\" data-elementor-id=\"9941\" class=\"elementor elementor-9941 elementor-3\" data-elementor-post-type=\"page\">\n\t\t\t\t\t\t<section class=\"elementor-section elementor-top-section elementor-element elementor-element-0265ffb elementor-section-full_width elementor-section-height-default elementor-section-height-default mkdf-parallax-row-no mkdf-content-aligment-left mkdf-elementor-row-grid-no mkdf-disabled-bg-image-bellow-no mkdf-row-btt-light\" data-id=\"0265ffb\" data-element_type=\"section\" data-settings=\"{&quot;background_background&quot;:&quot;classic&quot;}\">\n\t\t\t\t\t\t<div class=\"elementor-container elementor-column-gap-default\">\n\t\t\t\t\t<div class=\"elementor-column elementor-col-100 elementor-top-column elementor-element elementor-element-3ed8564\" data-id=\"3ed8564\" data-element_type=\"column\">\n\t\t\t<div class=\"elementor-widget-wrap elementor-element-populated\">\n\t\t\t\t\t\t<div class=\"elementor-element elementor-element-8a55556 elementor-widget elementor-widget-text-editor\" data-id=\"8a55556\" data-element_type=\"widget\" data-widget_type=\"text-editor.default\">\n\t\t\t\t<div class=\"elementor-widget-container\">\n\t\t\t\t\t\t\t\t\t<h2 style=\"color: white;\">Uso<\/h2><p>El usuario del sitio web puede utilizar la informaci\u00f3n publicada en el sitio web de la marca Focus &amp; Get Results \u00fanicamente con fines informativos. El usuario del sitio web no podr\u00e1 utilizar la informaci\u00f3n de ninguna otra manera sin el consentimiento previo por escrito de la Empresa. <\/p><p> <\/p><h2 style=\"color: white;\">Disponibilidad<\/h2><p>Reconoces que Internet no es propiedad ni est\u00e1 controlado por ninguna organizaci\u00f3n, empresa, entidad legal ni individuo. Por lo tanto, Creative Territory, Lda, propietaria de la marca Focus &amp; Get Results, no puede garantizar que ning\u00fan usuario pueda acceder al sitio web o a cualquier servidor o servicio de la empresa en cualquier momento. Territorio Creativo, Lda<br>Usted representa que har\u00e1 todo lo posible de buena fe para garantizar que su sitio, y todos sus servidores o servicios, est\u00e9n disponibles lo m\u00e1s ampliamente posible y con la menor interrupci\u00f3n posible.  <\/p><p> <\/p><h2 style=\"color: white;\">Derechos de autor<\/h2><p>El contenido de este sitio web, en texto e imagen, es propiedad de Creative Territory, Lda \u00a9 2023. Todos los derechos reservados. <\/p><p> <\/p><h2 style=\"color: white;\">Recogida y tratamiento de datos personales<\/h2><p>Todos los usuarios del sitio web podr\u00e1n navegar por la p\u00e1gina sin proporcionar su informaci\u00f3n personal, garantizando as\u00ed el anonimato.<\/p><p>Creative Territory, Lda, propietaria del sitio web https:\/\/focusfitness.pt, no recopilar\u00e1 ning\u00fan tipo de informaci\u00f3n personal de sus usuarios sin su consentimiento.<\/p><p>Sin embargo, Creative Territory, Lda, Lda puede recopilar informaci\u00f3n que no es de car\u00e1cter personal, sino que est\u00e1 destinada a mejorar y optimizar la navegaci\u00f3n del sitio mediante el uso de cookies.<\/p><p>Nuestro sitio web utiliza cookies y, al consentir el uso de cookies por primera vez, de acuerdo con nuestra pol\u00edtica de privacidad, nos permite usar estas cookies siempre que use o visite nuestro sitio web.<\/p><p> <\/p><h2 style=\"color: white;\">Tratamiento de datos personales proporcionados de forma voluntaria<\/h2><p>La informaci\u00f3n personal recopilada a trav\u00e9s del sitio web ser\u00e1 \u00fanicamente la que el visitante env\u00ede y\/o confirme.<\/p><p>Los datos personales proporcionados voluntariamente por el usuario en la p\u00e1gina de contacto son para la exclusiva informaci\u00f3n de Creative Territory, Lda y no ser\u00e1n divulgados a terceros sin el consentimiento previo de su titular.<\/p><p>Creative Territory, Lda, es la entidad responsable del tratamiento de los datos personales de los visitantes del sitio web https:\/\/xxxx y est\u00e1 comprometida a garantizar su confidencialidad.<\/p><p> <\/p><h2 style=\"color: white;\">Derechos del sujeto de datos personales<\/h2><p>Reconoces que Internet no es propiedad ni est\u00e1 controlado por ninguna organizaci\u00f3n, empresa, entidad legal ni individuo. Por lo tanto, Creative Territory, Lda, propietaria de la marca Focus &amp; Get Results, no puede garantizar que ning\u00fan usuario pueda acceder al sitio web o a cualquier servidor o servicio de la empresa en cualquier momento. Territorio Creativo, Lda<br>Usted representa que har\u00e1 todo lo posible de buena fe para garantizar que su sitio, y todos sus servidores o servicios, est\u00e9n disponibles lo m\u00e1s ampliamente posible y con la menor interrupci\u00f3n posible.  <\/p><p> <\/p><h2 style=\"color: white;\">Prop\u00f3sito del tratamiento de datos personales<\/h2><p>Toda la informaci\u00f3n personal recopilada en el contexto del uso del sitio web de Creative Territory, Lda se utilizar\u00e1 para ayudar a que la visita al sitio web sea m\u00e1s productiva y agradable, personalizando contenidos, productos y servicios relevantes.<\/p><p>Creative Territory, Lda se considera autorizada para utilizar todas las ideas, conceptos, conocimientos o t\u00e9cnicas de comunicaci\u00f3n a trav\u00e9s del sitio web, libre e independientemente (incluyendo el dise\u00f1o, producci\u00f3n o comercializaci\u00f3n de productos), mediante un mensaje enviado por correo electr\u00f3nico, transmisi\u00f3n de archivos u otra forma de comunicaci\u00f3n no solicitada, considerada no confidencial y libre de restricciones de uso.<\/p><p> <\/p><h2 style=\"color: white;\">Conservaci\u00f3n y seguridad<\/h2><p>El periodo de tiempo durante el cual se almacenan y conservan los datos var\u00eda seg\u00fan el prop\u00f3sito para el cual se procesa la informaci\u00f3n. As\u00ed, y siempre que no exista un requisito legal espec\u00edfico, los datos se almacenar\u00e1n y conservar\u00e1n solo durante el periodo m\u00ednimo necesario para los fines para los cuales fueron recopilados o posteriormente procesados. <\/p><p>Creative Territory, Lda est\u00e1 comprometida a garantizar la protecci\u00f3n de los datos personales que se le ponen a su disposici\u00f3n. Para ello, se han adoptado varias medidas de seguridad, tanto t\u00e9cnicas como organizativas, para proteger los datos personales que se le ponen a disposici\u00f3n frente a su difusi\u00f3n, p\u00e9rdida, uso indebido, alteraci\u00f3n, procesamiento o acceso no autorizado, as\u00ed como contra cualquier otra forma de procesamiento ilegal. <\/p><p>A pesar de las medidas de seguridad adoptadas, como usuario de Internet, el visitante del sitio web debe adoptar medidas de seguridad adicionales. El uso del sitio web Creative Territory, Lda, Lda presupone el pleno conocimiento de esta Pol\u00edtica de Privacidad, que puede modificarse sin previo aviso. Por lo tanto, se recomienda que consultes esta p\u00e1gina regularmente para estar siempre al d\u00eda.  <\/p><p> <\/p><h2 style=\"color: white;\">Galletas<\/h2><p>\u00bfQu\u00e9 son las galletas?<br>\u00abCookies\u00bb son peque\u00f1as etiquetas de software que se almacenan en tu navegador a trav\u00e9s del navegador, conservando \u00fanicamente informaci\u00f3n relacionada con tus preferencias, sin incluir, como tal, tus datos personales.<br>\u00bfQu\u00e9 tipo de galletas hay?<br>Existen dos grupos de cookies que se pueden utilizar:<\/p><h5 style=\"color: white;\">Cookies permanentes:<\/h5><ul><li>Estas son cookies que se almacenan a nivel de navegador en tu equipo de acceso (PC, m\u00f3vil y tableta) y se utilizan cada vez que haces una nueva visita a uno de nuestros sitios web. Generalmente se utilizan para dirigir la navegaci\u00f3n seg\u00fan los intereses del usuario, permiti\u00e9ndonos ofrecer un servicio m\u00e1s personalizado. <\/li><\/ul><h5 style=\"color: white;\">Cookies de sesi\u00f3n:<\/h5><ul><li>Estas son cookies temporales que permanecen en el archivo de cookies de tu navegador hasta que sales del sitio web. La informaci\u00f3n obtenida de estas cookies se utiliza para analizar los patrones de tr\u00e1fico web, permiti\u00e9ndonos identificar problemas y ofrecer una mejor experiencia de navegaci\u00f3n. <\/li><\/ul><p> <\/p><h3 style=\"color: white;\">\u00bfPara qu\u00e9 usamos cookies?<\/h3><h5 style=\"color: white;\">Cookies estrictamente necesarias:<\/h5><ul><li>Te permiten navegar por la web y usar sus aplicaciones, as\u00ed como acceder a \u00e1reas seguras del mismo sitio. Sin estas cookies, los servicios que has solicitado no pueden prestarse. <\/li><\/ul><h5 style=\"color: white;\">Cookies anal\u00edticas:<\/h5><ul><li>Se utilizan de forma an\u00f3nima con el prop\u00f3sito de crear y analizar estad\u00edsticas con el fin de mejorar el funcionamiento del sitio web.<\/li><\/ul><h5 style=\"color: white;\">Cookies de funcionalidad:<\/h5><ul><li>Guardan las preferencias del usuario respecto al uso del sitio web, de modo que no es necesario reconfigurarlo cada vez que lo visitas.<\/li><\/ul><p> <\/p><h3 style=\"color: white;\">C\u00f3mo gestionar las cookies<\/h3><p>Todos los navegadores permiten al usuario aceptar, rechazar o eliminar cookies en cualquier momento configurando los ajustes apropiados en el navegador correspondiente. Puedes configurar cookies en el men\u00fa de \u00abopciones\u00bb o \u00abpreferencias\u00bb de tu navegador. <\/p><p>Ten en cuenta que al desactivar las cookies, pierdes la autocompletaci\u00f3n de algunos datos, como los datos de inicio de sesi\u00f3n. Adem\u00e1s, puede impedir que algunos servicios online funcionen correctamente, afectando la navegaci\u00f3n en la web. <\/p><p> <\/p><h2 style=\"color: white;\">M\u00e1s informaci\u00f3n.<\/h2><h4 style=\"color: white;\"><strong>Para saber m\u00e1s sobre las cookies, consulta el siguiente enlace:<\/strong><\/h4><p>Todo sobre las galletas<br><br><a style=\"color: white;\" href=\"http:\/\/www.allaboutcookies.org\/\">http:\/\/www.allaboutcookies.org\/<\/a><\/p>\t\t\t\t\t\t\t\t<\/div>\n\t\t\t\t<\/div>\n\t\t\t\t\t<\/div>\n\t\t<\/div>\n\t\t\t\t\t<\/div>\n\t\t<\/section>\n\t\t\t\t<\/div>\n\t\t","protected":false},"excerpt":{"rendered":"<p>Uso El usuario del sitio web puede utilizar la informaci&oacute;n publicada en el sitio web de la marca Focus &amp; Get Results &uacute;nicamente con fines informativos. El usuario del sitio web no podr&aacute; utilizar la informaci&oacute;n de ninguna otra manera [&hellip;]<\/p>\n","protected":false},"author":1,"featured_media":0,"parent":0,"menu_order":0,"comment_status":"closed","ping_status":"closed","template":"full-width.php","meta":{"_acf_changed":false,"footnotes":""},"class_list":["post-9941","page","type-page","status-publish","hentry"],"acf":[],"yoast_head":"<!-- This site is optimized with the Yoast SEO plugin v27.2 - https:\/\/yoast.com\/product\/yoast-seo-wordpress\/ -->\n<title>T\u00e9rminos y Pol\u00edtica de Privacidad - Focus Fitness<\/title>\n<meta name=\"robots\" content=\"index, follow, max-snippet:-1, max-image-preview:large, max-video-preview:-1\" \/>\n<link rel=\"canonical\" href=\"https:\/\/focusfitness.pt\/es\/terminos-y-politica-de-privacidad\/\" \/>\n<meta property=\"og:locale\" content=\"es_ES\" \/>\n<meta property=\"og:type\" content=\"article\" \/>\n<meta property=\"og:title\" content=\"T\u00e9rminos y Pol\u00edtica de Privacidad - Focus Fitness\" \/>\n<meta property=\"og:description\" content=\"Uso El usuario del sitio web puede utilizar la informaci&oacute;n publicada en el sitio web de la marca Focus &amp; Get Results &uacute;nicamente con fines informativos. El usuario del sitio web no podr&aacute; utilizar la informaci&oacute;n de ninguna otra manera [&hellip;]\" \/>\n<meta property=\"og:url\" content=\"https:\/\/focusfitness.pt\/es\/terminos-y-politica-de-privacidad\/\" \/>\n<meta property=\"og:site_name\" content=\"Focus Fitness\" \/>\n<meta property=\"article:publisher\" content=\"https:\/\/www.facebook.com\/focusfitnessportugal\" \/>\n<meta property=\"article:modified_time\" content=\"2025-11-25T11:14:52+00:00\" \/>\n<meta property=\"og:image\" content=\"https:\/\/focusfitness.pt\/wp-content\/uploads\/2023\/03\/Focus_Logotipo-NOVO_-scaled.png\" \/>\n\t<meta property=\"og:image:width\" content=\"2560\" \/>\n\t<meta property=\"og:image:height\" content=\"1811\" \/>\n\t<meta property=\"og:image:type\" content=\"image\/png\" \/>\n<meta name=\"twitter:card\" content=\"summary_large_image\" \/>\n<meta name=\"twitter:label1\" content=\"Tiempo de lectura\" \/>\n\t<meta name=\"twitter:data1\" content=\"6 minutos\" \/>\n<script type=\"application\/ld+json\" class=\"yoast-schema-graph\">{\"@context\":\"https:\/\/schema.org\",\"@graph\":[{\"@type\":\"WebPage\",\"@id\":\"https:\/\/focusfitness.pt\/es\/terminos-y-politica-de-privacidad\/\",\"url\":\"https:\/\/focusfitness.pt\/es\/terminos-y-politica-de-privacidad\/\",\"name\":\"T\u00e9rminos y Pol\u00edtica de Privacidad - Focus Fitness\",\"isPartOf\":{\"@id\":\"https:\/\/focusfitness.pt\/es\/#website\"},\"datePublished\":\"2023-03-16T10:07:12+00:00\",\"dateModified\":\"2025-11-25T11:14:52+00:00\",\"breadcrumb\":{\"@id\":\"https:\/\/focusfitness.pt\/es\/terminos-y-politica-de-privacidad\/#breadcrumb\"},\"inLanguage\":\"es\",\"potentialAction\":[{\"@type\":\"ReadAction\",\"target\":[\"https:\/\/focusfitness.pt\/es\/terminos-y-politica-de-privacidad\/\"]}]},{\"@type\":\"BreadcrumbList\",\"@id\":\"https:\/\/focusfitness.pt\/es\/terminos-y-politica-de-privacidad\/#breadcrumb\",\"itemListElement\":[{\"@type\":\"ListItem\",\"position\":1,\"name\":\"In\u00edcio\",\"item\":\"https:\/\/focusfitness.pt\/es\/\"},{\"@type\":\"ListItem\",\"position\":2,\"name\":\"T\u00e9rminos y Pol\u00edtica de Privacidad\"}]},{\"@type\":\"WebSite\",\"@id\":\"https:\/\/focusfitness.pt\/es\/#website\",\"url\":\"https:\/\/focusfitness.pt\/es\/\",\"name\":\"Focus Fitness\",\"description\":\"Focus Fitness\",\"publisher\":{\"@id\":\"https:\/\/focusfitness.pt\/es\/#organization\"},\"alternateName\":\"Focus Fitness\",\"potentialAction\":[{\"@type\":\"SearchAction\",\"target\":{\"@type\":\"EntryPoint\",\"urlTemplate\":\"https:\/\/focusfitness.pt\/es\/?s={search_term_string}\"},\"query-input\":{\"@type\":\"PropertyValueSpecification\",\"valueRequired\":true,\"valueName\":\"search_term_string\"}}],\"inLanguage\":\"es\"},{\"@type\":\"Organization\",\"@id\":\"https:\/\/focusfitness.pt\/es\/#organization\",\"name\":\"Focus Fitness\",\"alternateName\":\"Focus Fitness\",\"url\":\"https:\/\/focusfitness.pt\/es\/\",\"logo\":{\"@type\":\"ImageObject\",\"inLanguage\":\"es\",\"@id\":\"https:\/\/focusfitness.pt\/es\/#\/schema\/logo\/image\/\",\"url\":\"https:\/\/focusfitness.pt\/wp-content\/uploads\/2023\/03\/Focus_Logotipo-NOVO_-scaled.png\",\"contentUrl\":\"https:\/\/focusfitness.pt\/wp-content\/uploads\/2023\/03\/Focus_Logotipo-NOVO_-scaled.png\",\"width\":2560,\"height\":1811,\"caption\":\"Focus Fitness\"},\"image\":{\"@id\":\"https:\/\/focusfitness.pt\/es\/#\/schema\/logo\/image\/\"},\"sameAs\":[\"https:\/\/www.facebook.com\/focusfitnessportugal\",\"https:\/\/www.instagram.com\/focusfitnessportugal\/\",\"https:\/\/www.linkedin.com\/company\/focusfitnessportugal\/\",\"https:\/\/www.youtube.com\/channel\/UCL0TbPHRJGydq6z9GNFtxow\",\"https:\/\/www.tiktok.com\/@focus.fitness.pt?_t=8q1BafSpJx3&_r=1\"]}]}<\/script>\n<!-- \/ Yoast SEO plugin. -->","yoast_head_json":{"title":"T\u00e9rminos y Pol\u00edtica de Privacidad - Focus Fitness","robots":{"index":"index","follow":"follow","max-snippet":"max-snippet:-1","max-image-preview":"max-image-preview:large","max-video-preview":"max-video-preview:-1"},"canonical":"https:\/\/focusfitness.pt\/es\/terminos-y-politica-de-privacidad\/","og_locale":"es_ES","og_type":"article","og_title":"T\u00e9rminos y Pol\u00edtica de Privacidad - Focus Fitness","og_description":"Uso El usuario del sitio web puede utilizar la informaci&oacute;n publicada en el sitio web de la marca Focus &amp; Get Results &uacute;nicamente con fines informativos. El usuario del sitio web no podr&aacute; utilizar la informaci&oacute;n de ninguna otra manera [&hellip;]","og_url":"https:\/\/focusfitness.pt\/es\/terminos-y-politica-de-privacidad\/","og_site_name":"Focus Fitness","article_publisher":"https:\/\/www.facebook.com\/focusfitnessportugal","article_modified_time":"2025-11-25T11:14:52+00:00","og_image":[{"width":2560,"height":1811,"url":"https:\/\/focusfitness.pt\/wp-content\/uploads\/2023\/03\/Focus_Logotipo-NOVO_-scaled.png","type":"image\/png"}],"twitter_card":"summary_large_image","twitter_misc":{"Tiempo de lectura":"6 minutos"},"schema":{"@context":"https:\/\/schema.org","@graph":[{"@type":"WebPage","@id":"https:\/\/focusfitness.pt\/es\/terminos-y-politica-de-privacidad\/","url":"https:\/\/focusfitness.pt\/es\/terminos-y-politica-de-privacidad\/","name":"T\u00e9rminos y Pol\u00edtica de Privacidad - Focus Fitness","isPartOf":{"@id":"https:\/\/focusfitness.pt\/es\/#website"},"datePublished":"2023-03-16T10:07:12+00:00","dateModified":"2025-11-25T11:14:52+00:00","breadcrumb":{"@id":"https:\/\/focusfitness.pt\/es\/terminos-y-politica-de-privacidad\/#breadcrumb"},"inLanguage":"es","potentialAction":[{"@type":"ReadAction","target":["https:\/\/focusfitness.pt\/es\/terminos-y-politica-de-privacidad\/"]}]},{"@type":"BreadcrumbList","@id":"https:\/\/focusfitness.pt\/es\/terminos-y-politica-de-privacidad\/#breadcrumb","itemListElement":[{"@type":"ListItem","position":1,"name":"In\u00edcio","item":"https:\/\/focusfitness.pt\/es\/"},{"@type":"ListItem","position":2,"name":"T\u00e9rminos y Pol\u00edtica de Privacidad"}]},{"@type":"WebSite","@id":"https:\/\/focusfitness.pt\/es\/#website","url":"https:\/\/focusfitness.pt\/es\/","name":"Focus Fitness","description":"Focus Fitness","publisher":{"@id":"https:\/\/focusfitness.pt\/es\/#organization"},"alternateName":"Focus Fitness","potentialAction":[{"@type":"SearchAction","target":{"@type":"EntryPoint","urlTemplate":"https:\/\/focusfitness.pt\/es\/?s={search_term_string}"},"query-input":{"@type":"PropertyValueSpecification","valueRequired":true,"valueName":"search_term_string"}}],"inLanguage":"es"},{"@type":"Organization","@id":"https:\/\/focusfitness.pt\/es\/#organization","name":"Focus Fitness","alternateName":"Focus Fitness","url":"https:\/\/focusfitness.pt\/es\/","logo":{"@type":"ImageObject","inLanguage":"es","@id":"https:\/\/focusfitness.pt\/es\/#\/schema\/logo\/image\/","url":"https:\/\/focusfitness.pt\/wp-content\/uploads\/2023\/03\/Focus_Logotipo-NOVO_-scaled.png","contentUrl":"https:\/\/focusfitness.pt\/wp-content\/uploads\/2023\/03\/Focus_Logotipo-NOVO_-scaled.png","width":2560,"height":1811,"caption":"Focus Fitness"},"image":{"@id":"https:\/\/focusfitness.pt\/es\/#\/schema\/logo\/image\/"},"sameAs":["https:\/\/www.facebook.com\/focusfitnessportugal","https:\/\/www.instagram.com\/focusfitnessportugal\/","https:\/\/www.linkedin.com\/company\/focusfitnessportugal\/","https:\/\/www.youtube.com\/channel\/UCL0TbPHRJGydq6z9GNFtxow","https:\/\/www.tiktok.com\/@focus.fitness.pt?_t=8q1BafSpJx3&_r=1"]}]}},"_links":{"self":[{"href":"https:\/\/focusfitness.pt\/es\/wp-json\/wp\/v2\/pages\/9941","targetHints":{"allow":["GET"]}}],"collection":[{"href":"https:\/\/focusfitness.pt\/es\/wp-json\/wp\/v2\/pages"}],"about":[{"href":"https:\/\/focusfitness.pt\/es\/wp-json\/wp\/v2\/types\/page"}],"author":[{"embeddable":true,"href":"https:\/\/focusfitness.pt\/es\/wp-json\/wp\/v2\/users\/1"}],"replies":[{"embeddable":true,"href":"https:\/\/focusfitness.pt\/es\/wp-json\/wp\/v2\/comments?post=9941"}],"version-history":[{"count":1,"href":"https:\/\/focusfitness.pt\/es\/wp-json\/wp\/v2\/pages\/9941\/revisions"}],"predecessor-version":[{"id":9942,"href":"https:\/\/focusfitness.pt\/es\/wp-json\/wp\/v2\/pages\/9941\/revisions\/9942"}],"wp:attachment":[{"href":"https:\/\/focusfitness.pt\/es\/wp-json\/wp\/v2\/media?parent=9941"}],"curies":[{"name":"wp","href":"https:\/\/api.w.org\/{rel}","templated":true}]}}