{"id":10855,"date":"2023-04-03T10:11:29","date_gmt":"2023-04-03T10:11:29","guid":{"rendered":"https:\/\/focusfitness.pt\/coach-sante\/"},"modified":"2025-11-25T11:42:27","modified_gmt":"2025-11-25T11:42:27","slug":"coach-sante","status":"publish","type":"page","link":"https:\/\/focusfitness.pt\/fr\/coach-sante\/","title":{"rendered":"Coach sant\u00e9"},"content":{"rendered":"\t\t<div data-elementor-type=\"wp-page\" data-elementor-id=\"10855\" class=\"elementor elementor-10855 elementor-1428\" data-elementor-post-type=\"page\">\n\t\t\t\t\t\t<section class=\"elementor-section elementor-top-section elementor-element elementor-element-4760e19 elementor-section-full_width elementor-section-height-min-height elementor-section-height-default elementor-section-items-middle mkdf-parallax-row-no mkdf-content-aligment-left mkdf-elementor-row-grid-no mkdf-disabled-bg-image-bellow-no mkdf-row-btt-light\" data-id=\"4760e19\" data-element_type=\"section\" data-settings=\"{&quot;background_background&quot;:&quot;classic&quot;}\">\n\t\t\t\t\t\t<div class=\"elementor-container elementor-column-gap-default\">\n\t\t\t\t\t<div class=\"elementor-column elementor-col-100 elementor-top-column elementor-element elementor-element-b9a703b\" data-id=\"b9a703b\" data-element_type=\"column\">\n\t\t\t<div class=\"elementor-widget-wrap elementor-element-populated\">\n\t\t\t\t\t\t<div class=\"elementor-element elementor-element-6fea732 elementor-widget elementor-widget-heading\" data-id=\"6fea732\" data-element_type=\"widget\" data-widget_type=\"heading.default\">\n\t\t\t\t<div class=\"elementor-widget-container\">\n\t\t\t\t\t<h2 class=\"elementor-heading-title elementor-size-default\">Coach sant\u00e9<\/h2>\t\t\t\t<\/div>\n\t\t\t\t<\/div>\n\t\t\t\t<div class=\"elementor-element elementor-element-7381eb4 elementor-widget elementor-widget-text-editor\" data-id=\"7381eb4\" data-element_type=\"widget\" data-widget_type=\"text-editor.default\">\n\t\t\t\t<div class=\"elementor-widget-container\">\n\t\t\t\t\t\t\t\t\t<p>\u00c9QUILIBRE TON ESPRIT ET TON CORPS SUIVRA.<\/p><p>C\u2019EST CE SERVICE QUI TRANSFORMERA VOTRE VIE.<\/p>\t\t\t\t\t\t\t\t<\/div>\n\t\t\t\t<\/div>\n\t\t\t\t\t<\/div>\n\t\t<\/div>\n\t\t\t\t\t<\/div>\n\t\t<\/section>\n\t\t\t\t<section class=\"elementor-section elementor-top-section elementor-element elementor-element-c4dab21 elementor-section-full_width elementor-section-height-default elementor-section-height-default mkdf-parallax-row-no mkdf-content-aligment-left mkdf-elementor-row-grid-no mkdf-disabled-bg-image-bellow-no mkdf-row-btt-light\" data-id=\"c4dab21\" data-element_type=\"section\">\n\t\t\t\t\t\t<div class=\"elementor-container elementor-column-gap-default\">\n\t\t\t\t\t<div class=\"elementor-column elementor-col-50 elementor-top-column elementor-element elementor-element-2017af6\" data-id=\"2017af6\" data-element_type=\"column\">\n\t\t\t<div class=\"elementor-widget-wrap elementor-element-populated\">\n\t\t\t\t\t\t<div class=\"elementor-element elementor-element-1cb707f elementor-widget elementor-widget-heading\" data-id=\"1cb707f\" data-element_type=\"widget\" data-widget_type=\"heading.default\">\n\t\t\t\t<div class=\"elementor-widget-container\">\n\t\t\t\t\t<h2 class=\"elementor-heading-title elementor-size-default\">Coach sant\u00e9, qui ?<\/h2>\t\t\t\t<\/div>\n\t\t\t\t<\/div>\n\t\t\t\t<div class=\"elementor-element elementor-element-70c43e9 elementor-widget elementor-widget-text-editor\" data-id=\"70c43e9\" data-element_type=\"widget\" data-widget_type=\"text-editor.default\">\n\t\t\t\t<div class=\"elementor-widget-container\">\n\t\t\t\t\t\t\t\t\t<p>Dr M\u00f3nica Sampaio <\/p><p>\u00ab Form\u00e9e au domaine de la psychologie au fil des ann\u00e9es, j\u2019ai ressenti le besoin d\u2019offrir \u00e0 mes patients un soutien th\u00e9rapeutique pour aider \u00e0 construire une vie plus \u00e9quilibr\u00e9e, tant sur le plan \u00e9motionnel que spirituel.<\/p><p>  Dans ce contexte, un int\u00e9r\u00eat a \u00e9t\u00e9 suscit\u00e9 par une formation compl\u00e9mentaire dans le domaine de la th\u00e9rapie holistique, telles que le coaching, l\u2019hypnose clinique, la physiologie bio\u00e9nerg\u00e9tique, les rem\u00e8des floraux de Saint-Germain, la constellation familiale, l\u2019VET, la NLP, entre autres.<\/p><p>La recherche de connaissances dans ces domaines m\u2019a permis de b\u00e9n\u00e9ficier d\u2019outils capables de promouvoir la sant\u00e9, de mani\u00e8re plus compl\u00e8te, en tant que pratique naturelle et de permettre un changement de conscience de sa propre douleur, permettant \u00e0 l\u2019individu d\u2019\u00eatre un acteur actif de son propre changement.<\/p>\t\t\t\t\t\t\t\t<\/div>\n\t\t\t\t<\/div>\n\t\t\t\t<div class=\"elementor-element elementor-element-6448c95 elementor-widget elementor-widget-heading\" data-id=\"6448c95\" data-element_type=\"widget\" data-widget_type=\"heading.default\">\n\t\t\t\t<div class=\"elementor-widget-container\">\n\t\t\t\t\t<h2 class=\"elementor-heading-title elementor-size-default\">Qu\u2019est-ce que c\u2019est?<\/h2>\t\t\t\t<\/div>\n\t\t\t\t<\/div>\n\t\t\t\t<div class=\"elementor-element elementor-element-06713d7 elementor-widget elementor-widget-text-editor\" data-id=\"06713d7\" data-element_type=\"widget\" data-widget_type=\"text-editor.default\">\n\t\t\t\t<div class=\"elementor-widget-container\">\n\t\t\t\t\t\t\t\t\t<p>J\u2019aime penser \u00e0 un coach sant\u00e9 comme un mentor pour soutenir la sant\u00e9 et le bien-\u00eatre \u00e9motionnel, quelqu\u2019un qui forme et soutient les personnes dans leur processus de transformation, dans leur parcours pour construire de nouvelles habitudes saines et cr\u00e9er des changements de mode de vie durables qui vous apporteront plus de bonheur.<\/p><p>C\u2019est une approche qui consid\u00e8re l\u2019\u00eatre humain dans sa globalit\u00e9, dans ses aspects physiques, mentaux, \u00e9motionnels et \u00e9nerg\u00e9tiques.<\/p>\t\t\t\t\t\t\t\t<\/div>\n\t\t\t\t<\/div>\n\t\t\t\t<div class=\"elementor-element elementor-element-ef8c27b elementor-widget elementor-widget-heading\" data-id=\"ef8c27b\" data-element_type=\"widget\" data-widget_type=\"heading.default\">\n\t\t\t\t<div class=\"elementor-widget-container\">\n\t\t\t\t\t<h2 class=\"elementor-heading-title elementor-size-default\">Pourquoi est-ce n\u00e9cessaire ?<\/h2>\t\t\t\t<\/div>\n\t\t\t\t<\/div>\n\t\t\t\t<div class=\"elementor-element elementor-element-3e0aceb elementor-widget elementor-widget-text-editor\" data-id=\"3e0aceb\" data-element_type=\"widget\" data-widget_type=\"text-editor.default\">\n\t\t\t\t<div class=\"elementor-widget-container\">\n\t\t\t\t\t\t\t\t\t<p>Cette approche holistique (vue dans son ensemble) consid\u00e8re que la cause de nombreuses maladies qui apparaissent dans le corps physique est le reflet de d\u00e9sajustements \u00e9motionnels, mentaux et \u00e9nerg\u00e9tiques. Il est n\u00e9cessaire de comprendre tous les aspects de votre vie pour traiter la cause et r\u00e9duire les sympt\u00f4mes du malaise. <\/p><p>Pour nous, il est important que nos membres ressentent un changement mondial, de l\u2019int\u00e9rieur vers l\u2019ext\u00e9rieur.<\/p>\t\t\t\t\t\t\t\t<\/div>\n\t\t\t\t<\/div>\n\t\t\t\t<div class=\"elementor-element elementor-element-63d06c2 elementor-widget elementor-widget-heading\" data-id=\"63d06c2\" data-element_type=\"widget\" data-widget_type=\"heading.default\">\n\t\t\t\t<div class=\"elementor-widget-container\">\n\t\t\t\t\t<h2 class=\"elementor-heading-title elementor-size-default\">C\u2019est pour moi ?<\/h2>\t\t\t\t<\/div>\n\t\t\t\t<\/div>\n\t\t\t\t<div class=\"elementor-element elementor-element-203e85d elementor-widget elementor-widget-text-editor\" data-id=\"203e85d\" data-element_type=\"widget\" data-widget_type=\"text-editor.default\">\n\t\t\t\t<div class=\"elementor-widget-container\">\n\t\t\t\t\t\t\t\t\t<p>Les s\u00e9ances de coach sant\u00e9 aident non seulement les personnes dont la maladie est d\u00e9j\u00e0 visible dans le corps physique, mais aussi celles qui souhaitent se sentir plus l\u00e9g\u00e8res, \u00e9quilibr\u00e9es, autonomes et plus \u00e9panouies dans leur vie. Elle favorise un changement de comportement, pour ceux qui ressentent le besoin de transformer leur vie \u00e0 l\u2019\u00e9chelle mondiale mais ne savent pas par o\u00f9 commencer. <\/p>\t\t\t\t\t\t\t\t<\/div>\n\t\t\t\t<\/div>\n\t\t\t\t<div class=\"elementor-element elementor-element-5eacee9 elementor-widget elementor-widget-heading\" data-id=\"5eacee9\" data-element_type=\"widget\" data-widget_type=\"heading.default\">\n\t\t\t\t<div class=\"elementor-widget-container\">\n\t\t\t\t\t<h2 class=\"elementor-heading-title elementor-size-default\">Avantages?<\/h2>\t\t\t\t<\/div>\n\t\t\t\t<\/div>\n\t\t\t\t<div class=\"elementor-element elementor-element-5f6889c elementor-widget elementor-widget-text-editor\" data-id=\"5f6889c\" data-element_type=\"widget\" data-widget_type=\"text-editor.default\">\n\t\t\t\t<div class=\"elementor-widget-container\">\n\t\t\t\t\t\t\t\t\t<p>Les s\u00e9ances de coach sant\u00e9 visent \u00e0 apporter un meilleur \u00e9quilibre \u00e9nerg\u00e9tique, mental et \u00e9motionnel, \u00e0 d\u00e9velopper la conscience corporelle, \u00e9motionnelle, mentale et spirituelle, \u00e0 minimiser la souffrance et \u00e0 aider dans le processus de gu\u00e9rison.<\/p><p>Cela vous aide \u00e0 avoir une vie plus paisible, \u00e0 augmenter votre estime de soi et votre confiance en vous, \u00e0 trouver plus de courage pour agir et r\u00e9aliser ces r\u00eaves que vous avez tant repouss\u00e9s. Cela favorise la prosp\u00e9rit\u00e9 financi\u00e8re et \u00e9motionnelle. <\/p>\t\t\t\t\t\t\t\t<\/div>\n\t\t\t\t<\/div>\n\t\t\t\t<div class=\"elementor-element elementor-element-ae5c40a elementor-widget elementor-widget-heading\" data-id=\"ae5c40a\" data-element_type=\"widget\" data-widget_type=\"heading.default\">\n\t\t\t\t<div class=\"elementor-widget-container\">\n\t\t\t\t\t<h2 class=\"elementor-heading-title elementor-size-default\">Parmi d\u2019autres :<\/h2>\t\t\t\t<\/div>\n\t\t\t\t<\/div>\n\t\t\t\t<div class=\"elementor-element elementor-element-c4f94d3 elementor-align-left elementor-icon-list--layout-traditional elementor-list-item-link-full_width elementor-widget elementor-widget-icon-list\" data-id=\"c4f94d3\" data-element_type=\"widget\" data-widget_type=\"icon-list.default\">\n\t\t\t\t<div class=\"elementor-widget-container\">\n\t\t\t\t\t\t\t<ul class=\"elementor-icon-list-items\">\n\t\t\t\t\t\t\t<li class=\"elementor-icon-list-item\">\n\t\t\t\t\t\t\t\t\t\t\t<span class=\"elementor-icon-list-icon\">\n\t\t\t\t\t\t\t<svg xmlns=\"http:\/\/www.w3.org\/2000\/svg\" width=\"21\" height=\"21\" viewBox=\"0 0 21 21\" fill=\"none\"><circle cx=\"10.5\" cy=\"10.5\" r=\"10.5\" fill=\"#93282B\"><\/circle><path d=\"M6 10.2667L9.47826 14L16 7\" stroke=\"white\" stroke-width=\"2\"><\/path><\/svg>\t\t\t\t\t\t<\/span>\n\t\t\t\t\t\t\t\t\t\t<span class=\"elementor-icon-list-text\">Soulage le stress physique et\/ou \u00e9motionnel ;<\/span>\n\t\t\t\t\t\t\t\t\t<\/li>\n\t\t\t\t\t\t\t\t<li class=\"elementor-icon-list-item\">\n\t\t\t\t\t\t\t\t\t\t\t<span class=\"elementor-icon-list-icon\">\n\t\t\t\t\t\t\t<svg xmlns=\"http:\/\/www.w3.org\/2000\/svg\" width=\"21\" height=\"21\" viewBox=\"0 0 21 21\" fill=\"none\"><circle cx=\"10.5\" cy=\"10.5\" r=\"10.5\" fill=\"#93282B\"><\/circle><path d=\"M6 10.2667L9.47826 14L16 7\" stroke=\"white\" stroke-width=\"2\"><\/path><\/svg>\t\t\t\t\t\t<\/span>\n\t\t\t\t\t\t\t\t\t\t<span class=\"elementor-icon-list-text\">Pr\u00e9vient et combat la d\u00e9pression, l\u2019anxi\u00e9t\u00e9, les peurs et l\u2019insomnie ;<\/span>\n\t\t\t\t\t\t\t\t\t<\/li>\n\t\t\t\t\t\t\t\t<li class=\"elementor-icon-list-item\">\n\t\t\t\t\t\t\t\t\t\t\t<span class=\"elementor-icon-list-icon\">\n\t\t\t\t\t\t\t<svg xmlns=\"http:\/\/www.w3.org\/2000\/svg\" width=\"21\" height=\"21\" viewBox=\"0 0 21 21\" fill=\"none\"><circle cx=\"10.5\" cy=\"10.5\" r=\"10.5\" fill=\"#93282B\"><\/circle><path d=\"M6 10.2667L9.47826 14L16 7\" stroke=\"white\" stroke-width=\"2\"><\/path><\/svg>\t\t\t\t\t\t<\/span>\n\t\t\t\t\t\t\t\t\t\t<span class=\"elementor-icon-list-text\">Cela am\u00e9liore les probl\u00e8mes personnels, tels que : les probl\u00e8mes relationnels, l\u2019insatisfaction au travail, l\u2019ins\u00e9curit\u00e9 et le manque de motivation.<\/span>\n\t\t\t\t\t\t\t\t\t<\/li>\n\t\t\t\t\t\t<\/ul>\n\t\t\t\t\t\t<\/div>\n\t\t\t\t<\/div>\n\t\t\t\t\t<\/div>\n\t\t<\/div>\n\t\t\t\t<div class=\"elementor-column elementor-col-50 elementor-top-column elementor-element elementor-element-cfb23b4 elementor-hidden-mobile elementor-hidden-tablet elementor-hidden-mobile_extra\" data-id=\"cfb23b4\" data-element_type=\"column\">\n\t\t\t<div class=\"elementor-widget-wrap elementor-element-populated\">\n\t\t\t\t\t\t<div class=\"elementor-element elementor-element-f922f48 elementor-widget elementor-widget-image\" data-id=\"f922f48\" data-element_type=\"widget\" data-widget_type=\"image.default\">\n\t\t\t\t<div class=\"elementor-widget-container\">\n\t\t\t\t\t\t\t\t\t\t\t\t\t\t\t<img decoding=\"async\" width=\"1024\" height=\"1536\" src=\"https:\/\/focusfitness.pt\/wp-content\/uploads\/2023\/10\/focus-health-coach-monica.jpg\" class=\"attachment-full size-full wp-image-10860\" alt=\"\" srcset=\"https:\/\/focusfitness.pt\/wp-content\/uploads\/2023\/10\/focus-health-coach-monica.jpg 1024w, https:\/\/focusfitness.pt\/wp-content\/uploads\/2023\/10\/focus-health-coach-monica-600x900.jpg 600w, https:\/\/focusfitness.pt\/wp-content\/uploads\/2023\/10\/focus-health-coach-monica-200x300.jpg 200w, https:\/\/focusfitness.pt\/wp-content\/uploads\/2023\/10\/focus-health-coach-monica-683x1024.jpg 683w, https:\/\/focusfitness.pt\/wp-content\/uploads\/2023\/10\/focus-health-coach-monica-768x1152.jpg 768w\" sizes=\"(max-width: 1024px) 100vw, 1024px\" \/>\t\t\t\t\t\t\t\t\t\t\t\t\t\t\t<\/div>\n\t\t\t\t<\/div>\n\t\t\t\t\t<\/div>\n\t\t<\/div>\n\t\t\t\t\t<\/div>\n\t\t<\/section>\n\t\t\t\t<section class=\"elementor-section elementor-top-section elementor-element elementor-element-784d9b98 elementor-section-full_width elementor-section-height-default elementor-section-height-default mkdf-parallax-row-no mkdf-content-aligment-left mkdf-elementor-row-grid-no mkdf-disabled-bg-image-bellow-no mkdf-row-btt-light\" data-id=\"784d9b98\" data-element_type=\"section\">\n\t\t\t\t\t\t<div class=\"elementor-container elementor-column-gap-default\">\n\t\t\t\t\t<div class=\"elementor-column elementor-col-100 elementor-top-column elementor-element elementor-element-7bd234f9\" data-id=\"7bd234f9\" data-element_type=\"column\">\n\t\t\t<div class=\"elementor-widget-wrap elementor-element-populated\">\n\t\t\t\t\t\t<div class=\"elementor-element elementor-element-ee94549 elementor-widget elementor-widget-heading\" data-id=\"ee94549\" data-element_type=\"widget\" data-widget_type=\"heading.default\">\n\t\t\t\t<div class=\"elementor-widget-container\">\n\t\t\t\t\t<h2 class=\"elementor-heading-title elementor-size-default\">Valorisez votre bien-\u00eatre : mettez votre esprit au d\u00e9fi !&nbsp;<\/h2>\t\t\t\t<\/div>\n\t\t\t\t<\/div>\n\t\t\t\t<div class=\"elementor-element elementor-element-f7e91cb elementor-widget elementor-widget-spacer\" data-id=\"f7e91cb\" data-element_type=\"widget\" data-widget_type=\"spacer.default\">\n\t\t\t\t<div class=\"elementor-widget-container\">\n\t\t\t\t\t\t\t<div class=\"elementor-spacer\">\n\t\t\t<div class=\"elementor-spacer-inner\"><\/div>\n\t\t<\/div>\n\t\t\t\t\t\t<\/div>\n\t\t\t\t<\/div>\n\t\t\t\t\t<\/div>\n\t\t<\/div>\n\t\t\t\t\t<\/div>\n\t\t<\/section>\n\t\t\t\t<section class=\"elementor-section elementor-top-section elementor-element elementor-element-8685267 elementor-section-full_width elementor-section-height-min-height elementor-section-height-default elementor-section-items-middle mkdf-parallax-row-no mkdf-content-aligment-left mkdf-elementor-row-grid-no mkdf-disabled-bg-image-bellow-no mkdf-row-btt-light\" data-id=\"8685267\" data-element_type=\"section\" data-settings=\"{&quot;background_background&quot;:&quot;classic&quot;}\">\n\t\t\t\t\t\t<div class=\"elementor-container elementor-column-gap-default\">\n\t\t\t\t\t<div class=\"elementor-column elementor-col-100 elementor-top-column elementor-element elementor-element-9295a43\" data-id=\"9295a43\" data-element_type=\"column\">\n\t\t\t<div class=\"elementor-widget-wrap elementor-element-populated\">\n\t\t\t\t\t\t<div class=\"elementor-element elementor-element-e77fc1e elementor-align-center elementor-widget elementor-widget-button\" data-id=\"e77fc1e\" data-element_type=\"widget\" data-widget_type=\"button.default\">\n\t\t\t\t<div class=\"elementor-widget-container\">\n\t\t\t\t\t\t\t\t\t<div class=\"elementor-button-wrapper\">\n\t\t\t\t\t<a class=\"elementor-button elementor-button-link elementor-size-sm\" href=\"#elementor-action%3Aaction%3Dpopup%3Aopen%26settings%3DeyJpZCI6MTc4MCwidG9nZ2xlIjpmYWxzZX0%3D\">\n\t\t\t\t\t\t<span class=\"elementor-button-content-wrapper\">\n\t\t\t\t\t\t\t\t\t<span class=\"elementor-button-text\">Tu veux te joindre ? Nous vous appelons gratuitement ! <\/span>\n\t\t\t\t\t<\/span>\n\t\t\t\t\t<\/a>\n\t\t\t\t<\/div>\n\t\t\t\t\t\t\t\t<\/div>\n\t\t\t\t<\/div>\n\t\t\t\t\t<\/div>\n\t\t<\/div>\n\t\t\t\t\t<\/div>\n\t\t<\/section>\n\t\t\t\t<\/div>\n\t\t","protected":false},"excerpt":{"rendered":"<p>Coach sant&eacute; &Eacute;QUILIBRE TON ESPRIT ET TON CORPS SUIVRA. C&rsquo;EST CE SERVICE QUI TRANSFORMERA VOTRE VIE. Coach sant&eacute;, qui ? Dr M&oacute;nica Sampaio &laquo; Form&eacute;e au domaine de la psychologie au fil des ann&eacute;es, j&rsquo;ai ressenti le besoin d&rsquo;offrir &agrave; [&hellip;]<\/p>\n","protected":false},"author":1,"featured_media":0,"parent":0,"menu_order":0,"comment_status":"closed","ping_status":"closed","template":"full-width.php","meta":{"_acf_changed":false,"footnotes":""},"class_list":["post-10855","page","type-page","status-publish","hentry"],"acf":[],"yoast_head":"<!-- This site is optimized with the Yoast SEO plugin v27.2 - https:\/\/yoast.com\/product\/yoast-seo-wordpress\/ -->\n<title>Coach sant\u00e9 - Focus Fitness<\/title>\n<meta name=\"robots\" content=\"index, follow, max-snippet:-1, max-image-preview:large, max-video-preview:-1\" \/>\n<link rel=\"canonical\" href=\"https:\/\/focusfitness.pt\/fr\/coach-sante\/\" \/>\n<meta property=\"og:locale\" content=\"fr_FR\" \/>\n<meta property=\"og:type\" content=\"article\" \/>\n<meta property=\"og:title\" content=\"Coach sant\u00e9 - Focus Fitness\" \/>\n<meta property=\"og:description\" content=\"Coach sant&eacute; &Eacute;QUILIBRE TON ESPRIT ET TON CORPS SUIVRA. C&rsquo;EST CE SERVICE QUI TRANSFORMERA VOTRE VIE. Coach sant&eacute;, qui ? Dr M&oacute;nica Sampaio &laquo; Form&eacute;e au domaine de la psychologie au fil des ann&eacute;es, j&rsquo;ai ressenti le besoin d&rsquo;offrir &agrave; [&hellip;]\" \/>\n<meta property=\"og:url\" content=\"https:\/\/focusfitness.pt\/fr\/coach-sante\/\" \/>\n<meta property=\"og:site_name\" content=\"Focus Fitness\" \/>\n<meta property=\"article:publisher\" content=\"https:\/\/www.facebook.com\/focusfitnessportugal\" \/>\n<meta property=\"article:modified_time\" content=\"2025-11-25T11:42:27+00:00\" \/>\n<meta property=\"og:image\" content=\"https:\/\/focusfitness.pt\/wp-content\/uploads\/2023\/10\/focus-health-coach-monica.jpg\" \/>\n\t<meta property=\"og:image:width\" content=\"1024\" \/>\n\t<meta property=\"og:image:height\" content=\"1536\" \/>\n\t<meta property=\"og:image:type\" content=\"image\/jpeg\" \/>\n<meta name=\"twitter:card\" content=\"summary_large_image\" \/>\n<meta name=\"twitter:label1\" content=\"Dur\u00e9e de lecture estim\u00e9e\" \/>\n\t<meta name=\"twitter:data1\" content=\"3 minutes\" \/>\n<script type=\"application\/ld+json\" class=\"yoast-schema-graph\">{\"@context\":\"https:\/\/schema.org\",\"@graph\":[{\"@type\":\"WebPage\",\"@id\":\"https:\/\/focusfitness.pt\/fr\/coach-sante\/\",\"url\":\"https:\/\/focusfitness.pt\/fr\/coach-sante\/\",\"name\":\"Coach sant\u00e9 - Focus Fitness\",\"isPartOf\":{\"@id\":\"https:\/\/focusfitness.pt\/fr\/#website\"},\"primaryImageOfPage\":{\"@id\":\"https:\/\/focusfitness.pt\/fr\/coach-sante\/#primaryimage\"},\"image\":{\"@id\":\"https:\/\/focusfitness.pt\/fr\/coach-sante\/#primaryimage\"},\"thumbnailUrl\":\"https:\/\/focusfitness.pt\/wp-content\/uploads\/2023\/10\/focus-health-coach-monica.jpg\",\"datePublished\":\"2023-04-03T10:11:29+00:00\",\"dateModified\":\"2025-11-25T11:42:27+00:00\",\"breadcrumb\":{\"@id\":\"https:\/\/focusfitness.pt\/fr\/coach-sante\/#breadcrumb\"},\"inLanguage\":\"fr-FR\",\"potentialAction\":[{\"@type\":\"ReadAction\",\"target\":[\"https:\/\/focusfitness.pt\/fr\/coach-sante\/\"]}]},{\"@type\":\"ImageObject\",\"inLanguage\":\"fr-FR\",\"@id\":\"https:\/\/focusfitness.pt\/fr\/coach-sante\/#primaryimage\",\"url\":\"https:\/\/focusfitness.pt\/wp-content\/uploads\/2023\/10\/focus-health-coach-monica.jpg\",\"contentUrl\":\"https:\/\/focusfitness.pt\/wp-content\/uploads\/2023\/10\/focus-health-coach-monica.jpg\"},{\"@type\":\"BreadcrumbList\",\"@id\":\"https:\/\/focusfitness.pt\/fr\/coach-sante\/#breadcrumb\",\"itemListElement\":[{\"@type\":\"ListItem\",\"position\":1,\"name\":\"In\u00edcio\",\"item\":\"https:\/\/focusfitness.pt\/fr\/\"},{\"@type\":\"ListItem\",\"position\":2,\"name\":\"Coach sant\u00e9\"}]},{\"@type\":\"WebSite\",\"@id\":\"https:\/\/focusfitness.pt\/fr\/#website\",\"url\":\"https:\/\/focusfitness.pt\/fr\/\",\"name\":\"Focus Fitness\",\"description\":\"Focus Fitness\",\"publisher\":{\"@id\":\"https:\/\/focusfitness.pt\/fr\/#organization\"},\"alternateName\":\"Focus Fitness\",\"potentialAction\":[{\"@type\":\"SearchAction\",\"target\":{\"@type\":\"EntryPoint\",\"urlTemplate\":\"https:\/\/focusfitness.pt\/fr\/?s={search_term_string}\"},\"query-input\":{\"@type\":\"PropertyValueSpecification\",\"valueRequired\":true,\"valueName\":\"search_term_string\"}}],\"inLanguage\":\"fr-FR\"},{\"@type\":\"Organization\",\"@id\":\"https:\/\/focusfitness.pt\/fr\/#organization\",\"name\":\"Focus Fitness\",\"alternateName\":\"Focus Fitness\",\"url\":\"https:\/\/focusfitness.pt\/fr\/\",\"logo\":{\"@type\":\"ImageObject\",\"inLanguage\":\"fr-FR\",\"@id\":\"https:\/\/focusfitness.pt\/fr\/#\/schema\/logo\/image\/\",\"url\":\"https:\/\/focusfitness.pt\/wp-content\/uploads\/2023\/03\/Focus_Logotipo-NOVO_-scaled.png\",\"contentUrl\":\"https:\/\/focusfitness.pt\/wp-content\/uploads\/2023\/03\/Focus_Logotipo-NOVO_-scaled.png\",\"width\":2560,\"height\":1811,\"caption\":\"Focus Fitness\"},\"image\":{\"@id\":\"https:\/\/focusfitness.pt\/fr\/#\/schema\/logo\/image\/\"},\"sameAs\":[\"https:\/\/www.facebook.com\/focusfitnessportugal\",\"https:\/\/www.instagram.com\/focusfitnessportugal\/\",\"https:\/\/www.linkedin.com\/company\/focusfitnessportugal\/\",\"https:\/\/www.youtube.com\/channel\/UCL0TbPHRJGydq6z9GNFtxow\",\"https:\/\/www.tiktok.com\/@focus.fitness.pt?_t=8q1BafSpJx3&_r=1\"]}]}<\/script>\n<!-- \/ Yoast SEO plugin. -->","yoast_head_json":{"title":"Coach sant\u00e9 - Focus Fitness","robots":{"index":"index","follow":"follow","max-snippet":"max-snippet:-1","max-image-preview":"max-image-preview:large","max-video-preview":"max-video-preview:-1"},"canonical":"https:\/\/focusfitness.pt\/fr\/coach-sante\/","og_locale":"fr_FR","og_type":"article","og_title":"Coach sant\u00e9 - Focus Fitness","og_description":"Coach sant&eacute; &Eacute;QUILIBRE TON ESPRIT ET TON CORPS SUIVRA. C&rsquo;EST CE SERVICE QUI TRANSFORMERA VOTRE VIE. Coach sant&eacute;, qui ? Dr M&oacute;nica Sampaio &laquo; Form&eacute;e au domaine de la psychologie au fil des ann&eacute;es, j&rsquo;ai ressenti le besoin d&rsquo;offrir &agrave; [&hellip;]","og_url":"https:\/\/focusfitness.pt\/fr\/coach-sante\/","og_site_name":"Focus Fitness","article_publisher":"https:\/\/www.facebook.com\/focusfitnessportugal","article_modified_time":"2025-11-25T11:42:27+00:00","og_image":[{"width":1024,"height":1536,"url":"https:\/\/focusfitness.pt\/wp-content\/uploads\/2023\/10\/focus-health-coach-monica.jpg","type":"image\/jpeg"}],"twitter_card":"summary_large_image","twitter_misc":{"Dur\u00e9e de lecture estim\u00e9e":"3 minutes"},"schema":{"@context":"https:\/\/schema.org","@graph":[{"@type":"WebPage","@id":"https:\/\/focusfitness.pt\/fr\/coach-sante\/","url":"https:\/\/focusfitness.pt\/fr\/coach-sante\/","name":"Coach sant\u00e9 - Focus Fitness","isPartOf":{"@id":"https:\/\/focusfitness.pt\/fr\/#website"},"primaryImageOfPage":{"@id":"https:\/\/focusfitness.pt\/fr\/coach-sante\/#primaryimage"},"image":{"@id":"https:\/\/focusfitness.pt\/fr\/coach-sante\/#primaryimage"},"thumbnailUrl":"https:\/\/focusfitness.pt\/wp-content\/uploads\/2023\/10\/focus-health-coach-monica.jpg","datePublished":"2023-04-03T10:11:29+00:00","dateModified":"2025-11-25T11:42:27+00:00","breadcrumb":{"@id":"https:\/\/focusfitness.pt\/fr\/coach-sante\/#breadcrumb"},"inLanguage":"fr-FR","potentialAction":[{"@type":"ReadAction","target":["https:\/\/focusfitness.pt\/fr\/coach-sante\/"]}]},{"@type":"ImageObject","inLanguage":"fr-FR","@id":"https:\/\/focusfitness.pt\/fr\/coach-sante\/#primaryimage","url":"https:\/\/focusfitness.pt\/wp-content\/uploads\/2023\/10\/focus-health-coach-monica.jpg","contentUrl":"https:\/\/focusfitness.pt\/wp-content\/uploads\/2023\/10\/focus-health-coach-monica.jpg"},{"@type":"BreadcrumbList","@id":"https:\/\/focusfitness.pt\/fr\/coach-sante\/#breadcrumb","itemListElement":[{"@type":"ListItem","position":1,"name":"In\u00edcio","item":"https:\/\/focusfitness.pt\/fr\/"},{"@type":"ListItem","position":2,"name":"Coach sant\u00e9"}]},{"@type":"WebSite","@id":"https:\/\/focusfitness.pt\/fr\/#website","url":"https:\/\/focusfitness.pt\/fr\/","name":"Focus Fitness","description":"Focus Fitness","publisher":{"@id":"https:\/\/focusfitness.pt\/fr\/#organization"},"alternateName":"Focus Fitness","potentialAction":[{"@type":"SearchAction","target":{"@type":"EntryPoint","urlTemplate":"https:\/\/focusfitness.pt\/fr\/?s={search_term_string}"},"query-input":{"@type":"PropertyValueSpecification","valueRequired":true,"valueName":"search_term_string"}}],"inLanguage":"fr-FR"},{"@type":"Organization","@id":"https:\/\/focusfitness.pt\/fr\/#organization","name":"Focus Fitness","alternateName":"Focus Fitness","url":"https:\/\/focusfitness.pt\/fr\/","logo":{"@type":"ImageObject","inLanguage":"fr-FR","@id":"https:\/\/focusfitness.pt\/fr\/#\/schema\/logo\/image\/","url":"https:\/\/focusfitness.pt\/wp-content\/uploads\/2023\/03\/Focus_Logotipo-NOVO_-scaled.png","contentUrl":"https:\/\/focusfitness.pt\/wp-content\/uploads\/2023\/03\/Focus_Logotipo-NOVO_-scaled.png","width":2560,"height":1811,"caption":"Focus Fitness"},"image":{"@id":"https:\/\/focusfitness.pt\/fr\/#\/schema\/logo\/image\/"},"sameAs":["https:\/\/www.facebook.com\/focusfitnessportugal","https:\/\/www.instagram.com\/focusfitnessportugal\/","https:\/\/www.linkedin.com\/company\/focusfitnessportugal\/","https:\/\/www.youtube.com\/channel\/UCL0TbPHRJGydq6z9GNFtxow","https:\/\/www.tiktok.com\/@focus.fitness.pt?_t=8q1BafSpJx3&_r=1"]}]}},"_links":{"self":[{"href":"https:\/\/focusfitness.pt\/fr\/wp-json\/wp\/v2\/pages\/10855","targetHints":{"allow":["GET"]}}],"collection":[{"href":"https:\/\/focusfitness.pt\/fr\/wp-json\/wp\/v2\/pages"}],"about":[{"href":"https:\/\/focusfitness.pt\/fr\/wp-json\/wp\/v2\/types\/page"}],"author":[{"embeddable":true,"href":"https:\/\/focusfitness.pt\/fr\/wp-json\/wp\/v2\/users\/1"}],"replies":[{"embeddable":true,"href":"https:\/\/focusfitness.pt\/fr\/wp-json\/wp\/v2\/comments?post=10855"}],"version-history":[{"count":1,"href":"https:\/\/focusfitness.pt\/fr\/wp-json\/wp\/v2\/pages\/10855\/revisions"}],"predecessor-version":[{"id":10862,"href":"https:\/\/focusfitness.pt\/fr\/wp-json\/wp\/v2\/pages\/10855\/revisions\/10862"}],"wp:attachment":[{"href":"https:\/\/focusfitness.pt\/fr\/wp-json\/wp\/v2\/media?parent=10855"}],"curies":[{"name":"wp","href":"https:\/\/api.w.org\/{rel}","templated":true}]}}