{"id":10886,"date":"2023-07-05T10:20:56","date_gmt":"2023-07-05T10:20:56","guid":{"rendered":"https:\/\/focusfitness.pt\/eau-gratuite\/"},"modified":"2025-11-25T11:42:33","modified_gmt":"2025-11-25T11:42:33","slug":"eau-gratuite","status":"publish","type":"page","link":"https:\/\/focusfitness.pt\/fr\/eau-gratuite\/","title":{"rendered":"Eau gratuite"},"content":{"rendered":"\t\t<div data-elementor-type=\"wp-page\" data-elementor-id=\"10886\" class=\"elementor elementor-10886 elementor-5677\" data-elementor-post-type=\"page\">\n\t\t\t\t\t\t<section class=\"elementor-section elementor-top-section elementor-element elementor-element-31781c2 elementor-section-full_width elementor-section-height-min-height elementor-section-height-default elementor-section-items-middle mkdf-parallax-row-no mkdf-content-aligment-left mkdf-elementor-row-grid-no mkdf-disabled-bg-image-bellow-no mkdf-row-btt-light\" data-id=\"31781c2\" data-element_type=\"section\" data-settings=\"{&quot;background_background&quot;:&quot;classic&quot;}\">\n\t\t\t\t\t\t<div class=\"elementor-container elementor-column-gap-default\">\n\t\t\t\t\t<div class=\"elementor-column elementor-col-100 elementor-top-column elementor-element elementor-element-7b565ac\" data-id=\"7b565ac\" data-element_type=\"column\">\n\t\t\t<div class=\"elementor-widget-wrap elementor-element-populated\">\n\t\t\t\t\t\t<div class=\"elementor-element elementor-element-3ea004e elementor-widget elementor-widget-heading\" data-id=\"3ea004e\" data-element_type=\"widget\" data-widget_type=\"heading.default\">\n\t\t\t\t<div class=\"elementor-widget-container\">\n\t\t\t\t\t<h2 class=\"elementor-heading-title elementor-size-default\">EAU GRATUITE<\/h2>\t\t\t\t<\/div>\n\t\t\t\t<\/div>\n\t\t\t\t<div class=\"elementor-element elementor-element-ed11f15 elementor-widget elementor-widget-text-editor\" data-id=\"ed11f15\" data-element_type=\"widget\" data-widget_type=\"text-editor.default\">\n\t\t\t\t<div class=\"elementor-widget-container\">\n\t\t\t\t\t\t\t\t\t<p>L\u2019essence de la vie, de la sant\u00e9 et du bien-\u00eatre : elle est \u00e0 votre disposition !<\/p>\t\t\t\t\t\t\t\t<\/div>\n\t\t\t\t<\/div>\n\t\t\t\t\t<\/div>\n\t\t<\/div>\n\t\t\t\t\t<\/div>\n\t\t<\/section>\n\t\t\t\t<section class=\"elementor-section elementor-top-section elementor-element elementor-element-0e7ae3d elementor-section-full_width elementor-section-height-default elementor-section-height-default mkdf-parallax-row-no mkdf-content-aligment-left mkdf-elementor-row-grid-no mkdf-disabled-bg-image-bellow-no mkdf-row-btt-light\" data-id=\"0e7ae3d\" data-element_type=\"section\">\n\t\t\t\t\t\t<div class=\"elementor-container elementor-column-gap-default\">\n\t\t\t\t\t<div class=\"elementor-column elementor-col-100 elementor-top-column elementor-element elementor-element-bc5f86b\" data-id=\"bc5f86b\" data-element_type=\"column\">\n\t\t\t<div class=\"elementor-widget-wrap elementor-element-populated\">\n\t\t\t\t\t\t<div class=\"elementor-element elementor-element-04d5455 elementor-widget elementor-widget-heading\" data-id=\"04d5455\" data-element_type=\"widget\" data-widget_type=\"heading.default\">\n\t\t\t\t<div class=\"elementor-widget-container\">\n\t\t\t\t\t<h2 class=\"elementor-heading-title elementor-size-default\">Hydratation sans effort, r\u00e9sultats maximaux !<\/h2>\t\t\t\t<\/div>\n\t\t\t\t<\/div>\n\t\t\t\t<div class=\"elementor-element elementor-element-9e546c4 elementor-widget elementor-widget-text-editor\" data-id=\"9e546c4\" data-element_type=\"widget\" data-widget_type=\"text-editor.default\">\n\t\t\t\t<div class=\"elementor-widget-container\">\n\t\t\t\t\t\t\t\t\t<p>Avec notre eau gratuite, vous aurez l\u2019\u00e9nergie n\u00e9cessaire pour atteindre votre meilleure performance \u00e0 l\u2019entra\u00eenement.<\/p>\t\t\t\t\t\t\t\t<\/div>\n\t\t\t\t<\/div>\n\t\t\t\t<div class=\"elementor-element elementor-element-d1b7c14 elementor-widget elementor-widget-heading\" data-id=\"d1b7c14\" data-element_type=\"widget\" data-widget_type=\"heading.default\">\n\t\t\t\t<div class=\"elementor-widget-container\">\n\t\t\t\t\t<h2 class=\"elementor-heading-title elementor-size-default\">Une bonne hydratation est le conseil du champion<\/h2>\t\t\t\t<\/div>\n\t\t\t\t<\/div>\n\t\t\t\t<div class=\"elementor-element elementor-element-92c86c1 elementor-align-left elementor-icon-list--layout-traditional elementor-list-item-link-full_width elementor-widget elementor-widget-icon-list\" data-id=\"92c86c1\" data-element_type=\"widget\" data-widget_type=\"icon-list.default\">\n\t\t\t\t<div class=\"elementor-widget-container\">\n\t\t\t\t\t\t\t<ul class=\"elementor-icon-list-items\">\n\t\t\t\t\t\t\t<li class=\"elementor-icon-list-item\">\n\t\t\t\t\t\t\t\t\t\t\t<span class=\"elementor-icon-list-icon\">\n\t\t\t\t\t\t\t<svg xmlns=\"http:\/\/www.w3.org\/2000\/svg\" width=\"21\" height=\"21\" viewBox=\"0 0 21 21\" fill=\"none\"><circle cx=\"10.5\" cy=\"10.5\" r=\"10.5\" fill=\"#93282B\"><\/circle><path d=\"M6 10.2667L9.47826 14L16 7\" stroke=\"white\" stroke-width=\"2\"><\/path><\/svg>\t\t\t\t\t\t<\/span>\n\t\t\t\t\t\t\t\t\t\t<span class=\"elementor-icon-list-text\">Am\u00e9liore les performances ;<\/span>\n\t\t\t\t\t\t\t\t\t<\/li>\n\t\t\t\t\t\t\t\t<li class=\"elementor-icon-list-item\">\n\t\t\t\t\t\t\t\t\t\t\t<span class=\"elementor-icon-list-icon\">\n\t\t\t\t\t\t\t<svg xmlns=\"http:\/\/www.w3.org\/2000\/svg\" width=\"21\" height=\"21\" viewBox=\"0 0 21 21\" fill=\"none\"><circle cx=\"10.5\" cy=\"10.5\" r=\"10.5\" fill=\"#93282B\"><\/circle><path d=\"M6 10.2667L9.47826 14L16 7\" stroke=\"white\" stroke-width=\"2\"><\/path><\/svg>\t\t\t\t\t\t<\/span>\n\t\t\t\t\t\t\t\t\t\t<span class=\"elementor-icon-list-text\">Augmente l\u2019endurance ;<\/span>\n\t\t\t\t\t\t\t\t\t<\/li>\n\t\t\t\t\t\t\t\t<li class=\"elementor-icon-list-item\">\n\t\t\t\t\t\t\t\t\t\t\t<span class=\"elementor-icon-list-icon\">\n\t\t\t\t\t\t\t<svg xmlns=\"http:\/\/www.w3.org\/2000\/svg\" width=\"21\" height=\"21\" viewBox=\"0 0 21 21\" fill=\"none\"><circle cx=\"10.5\" cy=\"10.5\" r=\"10.5\" fill=\"#93282B\"><\/circle><path d=\"M6 10.2667L9.47826 14L16 7\" stroke=\"white\" stroke-width=\"2\"><\/path><\/svg>\t\t\t\t\t\t<\/span>\n\t\t\t\t\t\t\t\t\t\t<span class=\"elementor-icon-list-text\">R\u00e9gule la temp\u00e9rature corporelle ;<\/span>\n\t\t\t\t\t\t\t\t\t<\/li>\n\t\t\t\t\t\t\t\t<li class=\"elementor-icon-list-item\">\n\t\t\t\t\t\t\t\t\t\t\t<span class=\"elementor-icon-list-icon\">\n\t\t\t\t\t\t\t<svg xmlns=\"http:\/\/www.w3.org\/2000\/svg\" width=\"21\" height=\"21\" viewBox=\"0 0 21 21\" fill=\"none\"><circle cx=\"10.5\" cy=\"10.5\" r=\"10.5\" fill=\"#93282B\"><\/circle><path d=\"M6 10.2667L9.47826 14L16 7\" stroke=\"white\" stroke-width=\"2\"><\/path><\/svg>\t\t\t\t\t\t<\/span>\n\t\t\t\t\t\t\t\t\t\t<span class=\"elementor-icon-list-text\">Am\u00e9liore la concentration ;<\/span>\n\t\t\t\t\t\t\t\t\t<\/li>\n\t\t\t\t\t\t\t\t<li class=\"elementor-icon-list-item\">\n\t\t\t\t\t\t\t\t\t\t\t<span class=\"elementor-icon-list-icon\">\n\t\t\t\t\t\t\t<svg xmlns=\"http:\/\/www.w3.org\/2000\/svg\" width=\"21\" height=\"21\" viewBox=\"0 0 21 21\" fill=\"none\"><circle cx=\"10.5\" cy=\"10.5\" r=\"10.5\" fill=\"#93282B\"><\/circle><path d=\"M6 10.2667L9.47826 14L16 7\" stroke=\"white\" stroke-width=\"2\"><\/path><\/svg>\t\t\t\t\t\t<\/span>\n\t\t\t\t\t\t\t\t\t\t<span class=\"elementor-icon-list-text\">Aide \u00e0 la r\u00e9cup\u00e9ration musculaire ;<\/span>\n\t\t\t\t\t\t\t\t\t<\/li>\n\t\t\t\t\t\t\t\t<li class=\"elementor-icon-list-item\">\n\t\t\t\t\t\t\t\t\t\t\t<span class=\"elementor-icon-list-icon\">\n\t\t\t\t\t\t\t<svg xmlns=\"http:\/\/www.w3.org\/2000\/svg\" width=\"21\" height=\"21\" viewBox=\"0 0 21 21\" fill=\"none\"><circle cx=\"10.5\" cy=\"10.5\" r=\"10.5\" fill=\"#93282B\"><\/circle><path d=\"M6 10.2667L9.47826 14L16 7\" stroke=\"white\" stroke-width=\"2\"><\/path><\/svg>\t\t\t\t\t\t<\/span>\n\t\t\t\t\t\t\t\t\t\t<span class=\"elementor-icon-list-text\">Favorise la sant\u00e9 articulaire ;<\/span>\n\t\t\t\t\t\t\t\t\t<\/li>\n\t\t\t\t\t\t\t\t<li class=\"elementor-icon-list-item\">\n\t\t\t\t\t\t\t\t\t\t\t<span class=\"elementor-icon-list-icon\">\n\t\t\t\t\t\t\t<svg xmlns=\"http:\/\/www.w3.org\/2000\/svg\" width=\"21\" height=\"21\" viewBox=\"0 0 21 21\" fill=\"none\"><circle cx=\"10.5\" cy=\"10.5\" r=\"10.5\" fill=\"#93282B\"><\/circle><path d=\"M6 10.2667L9.47826 14L16 7\" stroke=\"white\" stroke-width=\"2\"><\/path><\/svg>\t\t\t\t\t\t<\/span>\n\t\t\t\t\t\t\t\t\t\t<span class=\"elementor-icon-list-text\">Maintient l\u2019\u00e9quilibre du corps.<\/span>\n\t\t\t\t\t\t\t\t\t<\/li>\n\t\t\t\t\t\t<\/ul>\n\t\t\t\t\t\t<\/div>\n\t\t\t\t<\/div>\n\t\t\t\t\t<\/div>\n\t\t<\/div>\n\t\t\t\t\t<\/div>\n\t\t<\/section>\n\t\t\t\t<section class=\"elementor-section elementor-top-section elementor-element elementor-element-4bfb103 elementor-section-full_width elementor-section-height-default elementor-section-height-default mkdf-parallax-row-no mkdf-content-aligment-left mkdf-elementor-row-grid-no mkdf-disabled-bg-image-bellow-no mkdf-row-btt-light\" data-id=\"4bfb103\" data-element_type=\"section\">\n\t\t\t\t\t\t<div class=\"elementor-container elementor-column-gap-default\">\n\t\t\t\t\t<div class=\"elementor-column elementor-col-100 elementor-top-column elementor-element elementor-element-38e67a6\" data-id=\"38e67a6\" data-element_type=\"column\">\n\t\t\t<div class=\"elementor-widget-wrap elementor-element-populated\">\n\t\t\t\t\t\t<div class=\"elementor-element elementor-element-89a9bff elementor-widget elementor-widget-heading\" data-id=\"89a9bff\" data-element_type=\"widget\" data-widget_type=\"heading.default\">\n\t\t\t\t<div class=\"elementor-widget-container\">\n\t\t\t\t\t<h2 class=\"elementor-heading-title elementor-size-default\">Tenez \u00e0 votre bien-\u00eatre et venez vous entra\u00eener avec nous !<\/h2>\t\t\t\t<\/div>\n\t\t\t\t<\/div>\n\t\t\t\t\t<\/div>\n\t\t<\/div>\n\t\t\t\t\t<\/div>\n\t\t<\/section>\n\t\t<div class=\"elementor-element elementor-element-3289a0d e-con-full e-flex e-con e-parent\" data-id=\"3289a0d\" data-element_type=\"container\">\n\t\t<div class=\"elementor-element elementor-element-cad8588 e-con-full e-flex e-con e-child\" data-id=\"cad8588\" data-element_type=\"container\">\n\t\t\t\t<div class=\"elementor-element elementor-element-295c3fa elementor-align-center elementor-widget elementor-widget-button\" data-id=\"295c3fa\" data-element_type=\"widget\" data-widget_type=\"button.default\">\n\t\t\t\t<div class=\"elementor-widget-container\">\n\t\t\t\t\t\t\t\t\t<div class=\"elementor-button-wrapper\">\n\t\t\t\t\t<a class=\"elementor-button elementor-button-link elementor-size-sm\" href=\"https:\/\/lp.closum.co\/lp\/focus-get-results-130223\/faz-agora-a-tua-inscri-o-barcelos\" target=\"_blank\">\n\t\t\t\t\t\t<span class=\"elementor-button-content-wrapper\">\n\t\t\t\t\t\t\t\t\t<span class=\"elementor-button-text\">Inscrivez-vous d\u00e8s maintenant Barcelos<\/span>\n\t\t\t\t\t<\/span>\n\t\t\t\t\t<\/a>\n\t\t\t\t<\/div>\n\t\t\t\t\t\t\t\t<\/div>\n\t\t\t\t<\/div>\n\t\t\t\t<\/div>\n\t\t<div class=\"elementor-element elementor-element-98d52af e-con-full e-flex e-con e-child\" data-id=\"98d52af\" data-element_type=\"container\">\n\t\t\t\t<div class=\"elementor-element elementor-element-f8af429 elementor-align-center elementor-widget elementor-widget-button\" data-id=\"f8af429\" data-element_type=\"widget\" data-widget_type=\"button.default\">\n\t\t\t\t<div class=\"elementor-widget-container\">\n\t\t\t\t\t\t\t\t\t<div class=\"elementor-button-wrapper\">\n\t\t\t\t\t<a class=\"elementor-button elementor-button-link elementor-size-xs\" href=\"https:\/\/www.closum.com\/lp\/focus\/faz-agora-a-tua-inscri-o\" target=\"_blank\">\n\t\t\t\t\t\t<span class=\"elementor-button-content-wrapper\">\n\t\t\t\t\t\t\t\t\t<span class=\"elementor-button-text\">Inscrivez-vous d\u00e8s maintenant \u00e0 Santo Tirso<\/span>\n\t\t\t\t\t<\/span>\n\t\t\t\t\t<\/a>\n\t\t\t\t<\/div>\n\t\t\t\t\t\t\t\t<\/div>\n\t\t\t\t<\/div>\n\t\t\t\t<\/div>\n\t\t<div class=\"elementor-element elementor-element-193d5af e-con-full e-flex e-con e-child\" data-id=\"193d5af\" data-element_type=\"container\">\n\t\t\t\t<div class=\"elementor-element elementor-element-36c5e5a elementor-align-center elementor-widget elementor-widget-button\" data-id=\"36c5e5a\" data-element_type=\"widget\" data-widget_type=\"button.default\">\n\t\t\t\t<div class=\"elementor-widget-container\">\n\t\t\t\t\t\t\t\t\t<div class=\"elementor-button-wrapper\">\n\t\t\t\t\t<a class=\"elementor-button elementor-button-link elementor-size-sm\" href=\"https:\/\/lp.closum.co\/lp\/focus-get-results-ba-231123\/campanha-socio-fundador-barcelinhos#top\" target=\"_blank\">\n\t\t\t\t\t\t<span class=\"elementor-button-content-wrapper\">\n\t\t\t\t\t\t\t\t\t<span class=\"elementor-button-text\">Inscrivez-vous d\u00e8s maintenant Barcelinhos<\/span>\n\t\t\t\t\t<\/span>\n\t\t\t\t\t<\/a>\n\t\t\t\t<\/div>\n\t\t\t\t\t\t\t\t<\/div>\n\t\t\t\t<\/div>\n\t\t\t\t<\/div>\n\t\t\t\t<\/div>\n\t\t\t\t<\/div>\n\t\t","protected":false},"excerpt":{"rendered":"<p>EAU GRATUITE L&rsquo;essence de la vie, de la sant&eacute; et du bien-&ecirc;tre : elle est &agrave; votre disposition ! Hydratation sans effort, r&eacute;sultats maximaux ! Avec notre eau gratuite, vous aurez l&rsquo;&eacute;nergie n&eacute;cessaire pour atteindre votre meilleure performance &agrave; l&rsquo;entra&icirc;nement. [&hellip;]<\/p>\n","protected":false},"author":1,"featured_media":0,"parent":0,"menu_order":0,"comment_status":"closed","ping_status":"closed","template":"full-width.php","meta":{"_acf_changed":false,"footnotes":""},"class_list":["post-10886","page","type-page","status-publish","hentry"],"acf":[],"yoast_head":"<!-- This site is optimized with the Yoast SEO plugin v27.2 - https:\/\/yoast.com\/product\/yoast-seo-wordpress\/ -->\n<title>Eau gratuite - Focus Fitness<\/title>\n<meta name=\"robots\" content=\"index, follow, max-snippet:-1, max-image-preview:large, max-video-preview:-1\" \/>\n<link rel=\"canonical\" href=\"https:\/\/focusfitness.pt\/fr\/eau-gratuite\/\" \/>\n<meta property=\"og:locale\" content=\"fr_FR\" \/>\n<meta property=\"og:type\" content=\"article\" \/>\n<meta property=\"og:title\" content=\"Eau gratuite - Focus Fitness\" \/>\n<meta property=\"og:description\" content=\"EAU GRATUITE L&rsquo;essence de la vie, de la sant&eacute; et du bien-&ecirc;tre : elle est &agrave; votre disposition ! Hydratation sans effort, r&eacute;sultats maximaux ! Avec notre eau gratuite, vous aurez l&rsquo;&eacute;nergie n&eacute;cessaire pour atteindre votre meilleure performance &agrave; l&rsquo;entra&icirc;nement. [&hellip;]\" \/>\n<meta property=\"og:url\" content=\"https:\/\/focusfitness.pt\/fr\/eau-gratuite\/\" \/>\n<meta property=\"og:site_name\" content=\"Focus Fitness\" \/>\n<meta property=\"article:publisher\" content=\"https:\/\/www.facebook.com\/focusfitnessportugal\" \/>\n<meta property=\"article:modified_time\" content=\"2025-11-25T11:42:33+00:00\" \/>\n<meta property=\"og:image\" content=\"https:\/\/focusfitness.pt\/wp-content\/uploads\/2023\/03\/Focus_Logotipo-NOVO_-scaled.png\" \/>\n\t<meta property=\"og:image:width\" content=\"2560\" \/>\n\t<meta property=\"og:image:height\" content=\"1811\" \/>\n\t<meta property=\"og:image:type\" content=\"image\/png\" \/>\n<meta name=\"twitter:card\" content=\"summary_large_image\" \/>\n<meta name=\"twitter:label1\" content=\"Dur\u00e9e de lecture estim\u00e9e\" \/>\n\t<meta name=\"twitter:data1\" content=\"1 minute\" \/>\n<script type=\"application\/ld+json\" class=\"yoast-schema-graph\">{\"@context\":\"https:\/\/schema.org\",\"@graph\":[{\"@type\":\"WebPage\",\"@id\":\"https:\/\/focusfitness.pt\/fr\/eau-gratuite\/\",\"url\":\"https:\/\/focusfitness.pt\/fr\/eau-gratuite\/\",\"name\":\"Eau gratuite - Focus Fitness\",\"isPartOf\":{\"@id\":\"https:\/\/focusfitness.pt\/fr\/#website\"},\"datePublished\":\"2023-07-05T10:20:56+00:00\",\"dateModified\":\"2025-11-25T11:42:33+00:00\",\"breadcrumb\":{\"@id\":\"https:\/\/focusfitness.pt\/fr\/eau-gratuite\/#breadcrumb\"},\"inLanguage\":\"fr-FR\",\"potentialAction\":[{\"@type\":\"ReadAction\",\"target\":[\"https:\/\/focusfitness.pt\/fr\/eau-gratuite\/\"]}]},{\"@type\":\"BreadcrumbList\",\"@id\":\"https:\/\/focusfitness.pt\/fr\/eau-gratuite\/#breadcrumb\",\"itemListElement\":[{\"@type\":\"ListItem\",\"position\":1,\"name\":\"In\u00edcio\",\"item\":\"https:\/\/focusfitness.pt\/fr\/\"},{\"@type\":\"ListItem\",\"position\":2,\"name\":\"Eau gratuite\"}]},{\"@type\":\"WebSite\",\"@id\":\"https:\/\/focusfitness.pt\/fr\/#website\",\"url\":\"https:\/\/focusfitness.pt\/fr\/\",\"name\":\"Focus Fitness\",\"description\":\"Focus Fitness\",\"publisher\":{\"@id\":\"https:\/\/focusfitness.pt\/fr\/#organization\"},\"alternateName\":\"Focus Fitness\",\"potentialAction\":[{\"@type\":\"SearchAction\",\"target\":{\"@type\":\"EntryPoint\",\"urlTemplate\":\"https:\/\/focusfitness.pt\/fr\/?s={search_term_string}\"},\"query-input\":{\"@type\":\"PropertyValueSpecification\",\"valueRequired\":true,\"valueName\":\"search_term_string\"}}],\"inLanguage\":\"fr-FR\"},{\"@type\":\"Organization\",\"@id\":\"https:\/\/focusfitness.pt\/fr\/#organization\",\"name\":\"Focus Fitness\",\"alternateName\":\"Focus Fitness\",\"url\":\"https:\/\/focusfitness.pt\/fr\/\",\"logo\":{\"@type\":\"ImageObject\",\"inLanguage\":\"fr-FR\",\"@id\":\"https:\/\/focusfitness.pt\/fr\/#\/schema\/logo\/image\/\",\"url\":\"https:\/\/focusfitness.pt\/wp-content\/uploads\/2023\/03\/Focus_Logotipo-NOVO_-scaled.png\",\"contentUrl\":\"https:\/\/focusfitness.pt\/wp-content\/uploads\/2023\/03\/Focus_Logotipo-NOVO_-scaled.png\",\"width\":2560,\"height\":1811,\"caption\":\"Focus Fitness\"},\"image\":{\"@id\":\"https:\/\/focusfitness.pt\/fr\/#\/schema\/logo\/image\/\"},\"sameAs\":[\"https:\/\/www.facebook.com\/focusfitnessportugal\",\"https:\/\/www.instagram.com\/focusfitnessportugal\/\",\"https:\/\/www.linkedin.com\/company\/focusfitnessportugal\/\",\"https:\/\/www.youtube.com\/channel\/UCL0TbPHRJGydq6z9GNFtxow\",\"https:\/\/www.tiktok.com\/@focus.fitness.pt?_t=8q1BafSpJx3&_r=1\"]}]}<\/script>\n<!-- \/ Yoast SEO plugin. -->","yoast_head_json":{"title":"Eau gratuite - Focus Fitness","robots":{"index":"index","follow":"follow","max-snippet":"max-snippet:-1","max-image-preview":"max-image-preview:large","max-video-preview":"max-video-preview:-1"},"canonical":"https:\/\/focusfitness.pt\/fr\/eau-gratuite\/","og_locale":"fr_FR","og_type":"article","og_title":"Eau gratuite - Focus Fitness","og_description":"EAU GRATUITE L&rsquo;essence de la vie, de la sant&eacute; et du bien-&ecirc;tre : elle est &agrave; votre disposition ! Hydratation sans effort, r&eacute;sultats maximaux ! Avec notre eau gratuite, vous aurez l&rsquo;&eacute;nergie n&eacute;cessaire pour atteindre votre meilleure performance &agrave; l&rsquo;entra&icirc;nement. [&hellip;]","og_url":"https:\/\/focusfitness.pt\/fr\/eau-gratuite\/","og_site_name":"Focus Fitness","article_publisher":"https:\/\/www.facebook.com\/focusfitnessportugal","article_modified_time":"2025-11-25T11:42:33+00:00","og_image":[{"width":2560,"height":1811,"url":"https:\/\/focusfitness.pt\/wp-content\/uploads\/2023\/03\/Focus_Logotipo-NOVO_-scaled.png","type":"image\/png"}],"twitter_card":"summary_large_image","twitter_misc":{"Dur\u00e9e de lecture estim\u00e9e":"1 minute"},"schema":{"@context":"https:\/\/schema.org","@graph":[{"@type":"WebPage","@id":"https:\/\/focusfitness.pt\/fr\/eau-gratuite\/","url":"https:\/\/focusfitness.pt\/fr\/eau-gratuite\/","name":"Eau gratuite - Focus Fitness","isPartOf":{"@id":"https:\/\/focusfitness.pt\/fr\/#website"},"datePublished":"2023-07-05T10:20:56+00:00","dateModified":"2025-11-25T11:42:33+00:00","breadcrumb":{"@id":"https:\/\/focusfitness.pt\/fr\/eau-gratuite\/#breadcrumb"},"inLanguage":"fr-FR","potentialAction":[{"@type":"ReadAction","target":["https:\/\/focusfitness.pt\/fr\/eau-gratuite\/"]}]},{"@type":"BreadcrumbList","@id":"https:\/\/focusfitness.pt\/fr\/eau-gratuite\/#breadcrumb","itemListElement":[{"@type":"ListItem","position":1,"name":"In\u00edcio","item":"https:\/\/focusfitness.pt\/fr\/"},{"@type":"ListItem","position":2,"name":"Eau gratuite"}]},{"@type":"WebSite","@id":"https:\/\/focusfitness.pt\/fr\/#website","url":"https:\/\/focusfitness.pt\/fr\/","name":"Focus Fitness","description":"Focus Fitness","publisher":{"@id":"https:\/\/focusfitness.pt\/fr\/#organization"},"alternateName":"Focus Fitness","potentialAction":[{"@type":"SearchAction","target":{"@type":"EntryPoint","urlTemplate":"https:\/\/focusfitness.pt\/fr\/?s={search_term_string}"},"query-input":{"@type":"PropertyValueSpecification","valueRequired":true,"valueName":"search_term_string"}}],"inLanguage":"fr-FR"},{"@type":"Organization","@id":"https:\/\/focusfitness.pt\/fr\/#organization","name":"Focus Fitness","alternateName":"Focus Fitness","url":"https:\/\/focusfitness.pt\/fr\/","logo":{"@type":"ImageObject","inLanguage":"fr-FR","@id":"https:\/\/focusfitness.pt\/fr\/#\/schema\/logo\/image\/","url":"https:\/\/focusfitness.pt\/wp-content\/uploads\/2023\/03\/Focus_Logotipo-NOVO_-scaled.png","contentUrl":"https:\/\/focusfitness.pt\/wp-content\/uploads\/2023\/03\/Focus_Logotipo-NOVO_-scaled.png","width":2560,"height":1811,"caption":"Focus Fitness"},"image":{"@id":"https:\/\/focusfitness.pt\/fr\/#\/schema\/logo\/image\/"},"sameAs":["https:\/\/www.facebook.com\/focusfitnessportugal","https:\/\/www.instagram.com\/focusfitnessportugal\/","https:\/\/www.linkedin.com\/company\/focusfitnessportugal\/","https:\/\/www.youtube.com\/channel\/UCL0TbPHRJGydq6z9GNFtxow","https:\/\/www.tiktok.com\/@focus.fitness.pt?_t=8q1BafSpJx3&_r=1"]}]}},"_links":{"self":[{"href":"https:\/\/focusfitness.pt\/fr\/wp-json\/wp\/v2\/pages\/10886","targetHints":{"allow":["GET"]}}],"collection":[{"href":"https:\/\/focusfitness.pt\/fr\/wp-json\/wp\/v2\/pages"}],"about":[{"href":"https:\/\/focusfitness.pt\/fr\/wp-json\/wp\/v2\/types\/page"}],"author":[{"embeddable":true,"href":"https:\/\/focusfitness.pt\/fr\/wp-json\/wp\/v2\/users\/1"}],"replies":[{"embeddable":true,"href":"https:\/\/focusfitness.pt\/fr\/wp-json\/wp\/v2\/comments?post=10886"}],"version-history":[{"count":1,"href":"https:\/\/focusfitness.pt\/fr\/wp-json\/wp\/v2\/pages\/10886\/revisions"}],"predecessor-version":[{"id":10892,"href":"https:\/\/focusfitness.pt\/fr\/wp-json\/wp\/v2\/pages\/10886\/revisions\/10892"}],"wp:attachment":[{"href":"https:\/\/focusfitness.pt\/fr\/wp-json\/wp\/v2\/media?parent=10886"}],"curies":[{"name":"wp","href":"https:\/\/api.w.org\/{rel}","templated":true}]}}